{"id":73,"date":"2020-09-23T04:57:58","date_gmt":"2020-09-23T04:57:58","guid":{"rendered":"https:\/\/www.pdsglobal.com\/?page_id=73"},"modified":"2023-08-28T21:27:11","modified_gmt":"2023-08-28T11:27:11","slug":"client-implementation","status":"publish","type":"page","link":"https:\/\/www.pdsglobal.com\/pt\/client-implementation\/","title":{"rendered":"Implementa\u00e7\u00e3o do Cliente"},"content":{"rendered":"<div class=\"container banner services\" id=\"services\" style=\"background-image:url('https:\/\/www.pdsglobal.com\/wp-content\/uploads\/2020\/09\/client-implementation-image-59fa6629ada34.jpg');\">\n  <div class=\"wrapper\">\n    <table class=\"vertcentre\"><tbody><tr><td>\n      <h2>Implementa\u00e7\u00e3o do Cliente<\/h2>\n\n\t\t<h3><\/h3>\n\n\t\t<p>Descubra como podemos personalizar o Software de Gest\u00e3o de Ativos PDS para si. <\/p>\n    <\/td><\/tr><\/tbody><\/table>\n      <\/div>\n<\/div>\n\n\n\n<div class=\"container top padding100\">\n    <div class=\"wrapper\">\n      <div class=\"container heading\">\n\t   <h1 style=\"font-size: 45px; color: #071d49;\">O m\u00e9todo PDS<\/h1>\n      <\/div>\n      <div class=\"container steps\">\n        <div class=\"text grid-item\">\n          \t<h3>Nossa abordagem<\/h3>\n\n\t\t\t<p>Para garantir que obt\u00e9m o m\u00e1ximo benef\u00edcio do nosso software, seguimos um processo em cinco fases que chamamos PDS Way.<\/p>\n        <\/div>\n        <div class=\"step grid-item\">\n          <table class=\"vertcentre\"><tbody><tr><td>\n            <div class=\"container img\"><img decoding=\"async\" src=\"https:\/\/www.pdsglobal.com\/wp-content\/themes\/pds-global\/images\/stage1.svg\" alt=\"\"><\/div>\n            <div class=\"container txt\">\n              <h4>FASE 1<\/h4>\n\n\t\t\t\t<h3>Definir<\/h3>\n\n\t\t\t\t<p>Trabalhamos em estreita colabora\u00e7\u00e3o consigo para definir e compreender os problemas com que se depara.<\/p>\n            <\/div>\n          <\/td><\/tr><\/tbody><\/table>\n          <img decoding=\"async\" src=\"https:\/\/www.pdsglobal.com\/wp-content\/themes\/pds-global\/images\/arrow-right.png\" alt=\"\" class=\"arrow\">\n        <\/div>\n        <div class=\"step grid-item\" style=\"margin-top: -130px;\">\n          <table class=\"vertcentre\"><tbody><tr><td>\n            <div class=\"container img\"><img decoding=\"async\" src=\"https:\/\/www.pdsglobal.com\/wp-content\/themes\/pds-global\/images\/stage2.svg\" alt=\"\"><\/div>\n            <div class=\"container txt\">\n              <h4>FASE 2<\/h4>\n\n\t\t\t\t<h3>Desenvolver<\/h3>\n\n\t\t\t\t<p>Desenvolvemos uma solu\u00e7\u00e3o \u00e0 medida para resolver esses problemas.<\/p>\n            <\/div>\n          <\/td><\/tr><\/tbody><\/table>\n          <img decoding=\"async\" src=\"https:\/\/www.pdsglobal.com\/wp-content\/themes\/pds-global\/images\/arrow-left.svg\" alt=\"\" class=\"arrow\">\n        <\/div>\n        <div class=\"step grid-item\">\n          <table class=\"vertcentre\"><tbody><tr><td>\n            <div class=\"container img\"><img decoding=\"async\" src=\"https:\/\/www.pdsglobal.com\/wp-content\/themes\/pds-global\/images\/stage3.svg\" alt=\"\"><\/div>\n            <div class=\"container txt\">\n              <h4>FASE 3<\/h4>\n\n\t\t\t  <h3>Implementar<\/h3>\n\n\t\t\t  <p>N\u00f3s implementamos a solu\u00e7\u00e3o.<\/p>\n            <\/div>\n          <\/td><\/tr><\/tbody><\/table>\n          <img decoding=\"async\" src=\"https:\/\/www.pdsglobal.com\/wp-content\/themes\/pds-global\/images\/arrow-right.png\" alt=\"\" class=\"arrow\">\n        <\/div>\n        <div class=\"step grid-item\" style=\"margin-top: -125px;\">\n          <table class=\"vertcentre\"><tbody><tr><td>\n            <div class=\"container img\"><img decoding=\"async\" src=\"https:\/\/www.pdsglobal.com\/wp-content\/themes\/pds-global\/images\/stage4.svg\" alt=\"\"><\/div>\n            <div class=\"container txt\">\n              <h4>FASE 4<\/h4>\n\n\t\t\t  <h3>Forma\u00e7\u00e3o<\/h3>\n\n\t\t\t  <p>Damos-lhe forma\u00e7\u00e3o individual sobre como utiliz\u00e1-lo correctamente.<\/p>\n            <\/div>\n          <\/td><\/tr><\/tbody><\/table>\n          <img decoding=\"async\" src=\"https:\/\/www.pdsglobal.com\/wp-content\/themes\/pds-global\/images\/arrow-left.svg\" alt=\"\" class=\"arrow\">\n        <\/div>\n        <div class=\"step grid-item\">\n          <table class=\"vertcentre\"><tbody><tr><td>\n            <div class=\"container img\"><img decoding=\"async\" src=\"https:\/\/www.pdsglobal.com\/wp-content\/themes\/pds-global\/images\/stage5.svg\" alt=\"\"><\/div>\n            <div class=\"container txt\">\n              <h4>FASE 5<\/h4>\n\n\t\t\t  <h3>Suporte Cont\u00ednuo<\/h3>\n\n\t\t\t  <p>Fornecemos apoio pessoal e online cont\u00ednuo para assegurar que quaisquer problemas sejam tratados prontamente.<\/p>\n   \t\t\t<\/div>\n          <\/td><\/tr><\/tbody><\/table>\n        <\/div>\n      <\/div>\n    <\/div>\n  <\/div>\n\n<div class=\"container bottom padding100\">\n    <div class=\"wrapper\">\n      <h3>Nosso Modelo de Servi\u00e7o<\/h3>\n      <div class=\"container options\" style=\"margin-left: 0px;\">\n        <div class=\"option\" style=\"height: 1036px;\">\n          <div class=\"container heading\">\n            <table class=\"vertcentre\"><tbody><tr><td>Subscri\u00e7\u00e3o do Software<\/td><\/tr><\/tbody><\/table>\n          <\/div>\n          <div class=\"container features\">\n\n\t\t  \t\t\t\t\t<p><strong>O pre\u00e7o Inclui<\/strong><\/p>\n\n\t\t\t\t\t\t\t\t\t\t<p>Contas de Utilizador Ilimitadas<\/p>\n\n\t\t\t\t\t\t\t\t\t\t<p>Relat\u00f3rios<\/p>\n\n\t\t\t\t\t\t\t\t\t\t<p>Exportar para Excel<\/p>\n\n\t\t\t\t\t\t\t\t\t\t<p><strong>Produtos PDS<\/strong><\/p>\n\n\t\t\t\t\t\t\t\t\t\t<p>Web + mobile versions based on purchased licenses<\/p>\n\n\t\t\t\t\t\t\t\t\t\t<p><strong>Suporte<\/strong><\/p>\n\n\t\t\t\t\t\t\t\t\t\t<p>Apoio telef\u00f3nico das 8:30h \u00e0s 17:00h AEST<\/p>\n\n\t\t\t\t\t\t\t\t\t\t<p>Base de conhecimentos online<\/p>\n\n\t\t\t\t\t\t\t\t\t\t<p>V\u00eddeos de forma\u00e7\u00e3o online<\/p>\n\n\t\t\t\t\t\t\t\t\t\t<p>Atualiza\u00e7\u00f5es dos produtos<\/p>\n\n\t\t\t\t\t\t\t\t\t\t<p>Corre\u00e7\u00e3o de erros<\/p>\n\n\t\t\t\t\t\t\t\t            <a href=\"\/pt\/contact-us\/\" class=\"btn\">Contacte-nos<\/a>\n          <\/div>\n        <\/div>\n        <div class=\"option\" style=\"height: 1036px;\">\n          <div class=\"container heading\">\n            <table class=\"vertcentre\"><tbody><tr><td>Programa de Implementa\u00e7\u00e3o<\/td><\/tr><\/tbody><\/table>\n          <\/div>\n          <div class=\"container features\">\n\n\t\t  \t\t\t\t\t<p><strong>O pre\u00e7o por servi\u00e7o \u00fanico inclui<\/strong><\/p>\n\n\t\t\t\t\t\t\t\t\t\t<p>Configura\u00e7\u00e3o hier\u00e1rquica<\/p>\n\n\t\t\t\t\t\t\t\t\t\t<p>Configura\u00e7\u00e3o de atributos para produtos PDS relevantes<\/p>\n\n\t\t\t\t\t\t\t\t\t\t<p>Documenta\u00e7\u00e3o do fluxo de trabalho<\/p>\n\n\t\t\t\t\t\t\t\t\t\t<p><strong>Op\u00e7\u00f5es<\/strong><\/p>\n\n\t\t\t\t\t\t\t\t\t\t<p>Introdu\u00e7\u00e3o de dados hist\u00f3ricos<\/p>\n\n\t\t\t\t\t\t\t\t\t\t<p>Forma\u00e7\u00e3o no local\/\u00e0 dist\u00e2ncia<\/p>\n\n\t\t\t\t\t\t\t\t\t\t<p>Cria\u00e7\u00e3o e carregamento de listas de tarefas de inspe\u00e7\u00e3o sequenciadas<\/p>\n\n\t\t\t\t\t\t\t\t\t\t<p>Cria\u00e7\u00e3o de mapas visuais de revestimento ou peneiramento<\/p>\n\n\t\t\t\t\t\t\t\t\n            <a href=\"\/pt\/contact-us\/\" class=\"btn\">Contacte-nos<\/a>\n          <\/div>\n        <\/div>\n        <div class=\"option\" style=\"height: 1036px;\">\n          <div class=\"container heading\">\n            <table class=\"vertcentre\"><tbody><tr><td>Suporte Cont\u00ednuo de Engenharia<\/td><\/tr><\/tbody><\/table>\n          <\/div>\n          <div class=\"container features\">\n              \t\t\t\t\t<p><strong>Servi\u00e7os dispon\u00edveis mediante pre\u00e7o contratual<\/strong><\/p>\n\n\t\t\t\t\t\t\t\t\t\t<p>Forma\u00e7\u00e3o cont\u00ednua<\/p>\n\n\t\t\t\t\t\t\t\t\t\t<p>An\u00e1lise de dados, verifica\u00e7\u00e3o de dados, limpeza de dados<\/p>\n\n\t\t\t\t\t\t\t\t\t\t<p>Participa\u00e7\u00e3o em reuni\u00f5es de planeamento<\/p>\n\n\t\t\t\t\t\t\t\t\t\t<p>Implementa\u00e7\u00e3o de integra\u00e7\u00f5es<\/p>\n\n\t\t\t\t\t\t\t\t\t\t<p>Desenvolvimento de relat\u00f3rios personalizados<\/p>\n\n\t\t\t\t\t\t\t\t\t\t<p>Revis\u00e3o e atualiza\u00e7\u00e3o das listas de tarefas de inspe\u00e7\u00e3o sequenciadas<\/p>\n\n\t\t\t\t\t\t\t\t\t\t<p>Revis\u00f5es da estrat\u00e9gia de manuten\u00e7\u00e3o<\/p>\n\n\t\t\t\t\t\t\t\t\t\t<p>Servi\u00e7os de inspe\u00e7\u00e3o no local<\/p>\n\n\t\t\t\t\t\t\t\t            <a href=\"\/pt\/contact-us\/\" class=\"btn\">Contacte-nos<\/a>\n          <\/div>\n        <\/div>\n      <\/div>\n    <\/div>\n  <\/div>","protected":false},"excerpt":{"rendered":"","protected":false},"author":1,"featured_media":0,"parent":0,"menu_order":0,"comment_status":"closed","ping_status":"closed","template":"services.php","meta":{"_acf_changed":false,"footnotes":""},"class_list":["post-73","page","type-page","status-publish","hentry"],"acf":[],"yoast_head":"<!-- This site is optimized with the Yoast SEO plugin v27.5 - https:\/\/yoast.com\/product\/yoast-seo-wordpress\/ -->\n<title>Client Implementation | PDS<\/title>\n<meta name=\"description\" content=\"Find out more about our client implementation strategy and how we make sure our clients get the maximum benefits from our software.\" \/>\n<meta name=\"robots\" content=\"index, follow, max-snippet:-1, max-image-preview:large, max-video-preview:-1\" \/>\n<link rel=\"canonical\" href=\"https:\/\/www.pdsglobal.com\/pt\/client-implementation\/\" \/>\n<meta property=\"og:locale\" content=\"pt_PT\" \/>\n<meta property=\"og:type\" content=\"article\" \/>\n<meta property=\"og:title\" content=\"Client Implementation | PDS\" \/>\n<meta property=\"og:description\" content=\"Find out more about our client implementation strategy and how we make sure our clients get the maximum benefits from our software.\" \/>\n<meta property=\"og:url\" content=\"https:\/\/www.pdsglobal.com\/pt\/client-implementation\/\" \/>\n<meta property=\"og:site_name\" content=\"PDS\" \/>\n<meta property=\"article:modified_time\" content=\"2023-08-28T11:27:11+00:00\" \/>\n<meta name=\"twitter:card\" content=\"summary_large_image\" \/>\n<meta name=\"twitter:site\" content=\"@PDS_Software\" \/>\n<script type=\"application\/ld+json\" class=\"yoast-schema-graph\">{\"@context\":\"https:\\\/\\\/schema.org\",\"@graph\":[{\"@type\":\"WebPage\",\"@id\":\"https:\\\/\\\/www.pdsglobal.com\\\/client-implementation\\\/\",\"url\":\"https:\\\/\\\/www.pdsglobal.com\\\/client-implementation\\\/\",\"name\":\"Client Implementation | PDS\",\"isPartOf\":{\"@id\":\"https:\\\/\\\/www.pdsglobal.com\\\/#website\"},\"datePublished\":\"2020-09-23T04:57:58+00:00\",\"dateModified\":\"2023-08-28T11:27:11+00:00\",\"description\":\"Find out more about our client implementation strategy and how we make sure our clients get the maximum benefits from our software.\",\"breadcrumb\":{\"@id\":\"https:\\\/\\\/www.pdsglobal.com\\\/client-implementation\\\/#breadcrumb\"},\"inLanguage\":\"pt-PT\",\"potentialAction\":[{\"@type\":\"ReadAction\",\"target\":[\"https:\\\/\\\/www.pdsglobal.com\\\/client-implementation\\\/\"]}]},{\"@type\":\"BreadcrumbList\",\"@id\":\"https:\\\/\\\/www.pdsglobal.com\\\/client-implementation\\\/#breadcrumb\",\"itemListElement\":[{\"@type\":\"ListItem\",\"position\":1,\"name\":\"Home\",\"item\":\"https:\\\/\\\/www.pdsglobal.com\\\/\"},{\"@type\":\"ListItem\",\"position\":2,\"name\":\"Client Implementation\"}]},{\"@type\":\"WebSite\",\"@id\":\"https:\\\/\\\/www.pdsglobal.com\\\/#website\",\"url\":\"https:\\\/\\\/www.pdsglobal.com\\\/\",\"name\":\"PDS Global\",\"description\":\"Real World Technology\",\"publisher\":{\"@id\":\"https:\\\/\\\/www.pdsglobal.com\\\/#organization\"},\"potentialAction\":[{\"@type\":\"SearchAction\",\"target\":{\"@type\":\"EntryPoint\",\"urlTemplate\":\"https:\\\/\\\/www.pdsglobal.com\\\/?s={search_term_string}\"},\"query-input\":{\"@type\":\"PropertyValueSpecification\",\"valueRequired\":true,\"valueName\":\"search_term_string\"}}],\"inLanguage\":\"pt-PT\"},{\"@type\":\"Organization\",\"@id\":\"https:\\\/\\\/www.pdsglobal.com\\\/#organization\",\"name\":\"PDS Global\",\"url\":\"https:\\\/\\\/www.pdsglobal.com\\\/\",\"logo\":{\"@type\":\"ImageObject\",\"inLanguage\":\"pt-PT\",\"@id\":\"https:\\\/\\\/www.pdsglobal.com\\\/#\\\/schema\\\/logo\\\/image\\\/\",\"url\":\"https:\\\/\\\/www.pdsglobal.com\\\/wp-content\\\/uploads\\\/2025\\\/11\\\/PDS_Primary.png\",\"contentUrl\":\"https:\\\/\\\/www.pdsglobal.com\\\/wp-content\\\/uploads\\\/2025\\\/11\\\/PDS_Primary.png\",\"width\":729,\"height\":195,\"caption\":\"PDS Global\"},\"image\":{\"@id\":\"https:\\\/\\\/www.pdsglobal.com\\\/#\\\/schema\\\/logo\\\/image\\\/\"},\"sameAs\":[\"https:\\\/\\\/x.com\\\/PDS_Software\",\"https:\\\/\\\/www.linkedin.com\\\/company\\\/productivity-development-solutions-pty-ltd\\\/\"]}]}<\/script>\n<!-- \/ Yoast SEO plugin. -->","yoast_head_json":{"title":"Client Implementation | PDS","description":"Find out more about our client implementation strategy and how we make sure our clients get the maximum benefits from our software.","robots":{"index":"index","follow":"follow","max-snippet":"max-snippet:-1","max-image-preview":"max-image-preview:large","max-video-preview":"max-video-preview:-1"},"canonical":"https:\/\/www.pdsglobal.com\/pt\/client-implementation\/","og_locale":"pt_PT","og_type":"article","og_title":"Client Implementation | PDS","og_description":"Find out more about our client implementation strategy and how we make sure our clients get the maximum benefits from our software.","og_url":"https:\/\/www.pdsglobal.com\/pt\/client-implementation\/","og_site_name":"PDS","article_modified_time":"2023-08-28T11:27:11+00:00","twitter_card":"summary_large_image","twitter_site":"@PDS_Software","schema":{"@context":"https:\/\/schema.org","@graph":[{"@type":"WebPage","@id":"https:\/\/www.pdsglobal.com\/client-implementation\/","url":"https:\/\/www.pdsglobal.com\/client-implementation\/","name":"Client Implementation | PDS","isPartOf":{"@id":"https:\/\/www.pdsglobal.com\/#website"},"datePublished":"2020-09-23T04:57:58+00:00","dateModified":"2023-08-28T11:27:11+00:00","description":"Find out more about our client implementation strategy and how we make sure our clients get the maximum benefits from our software.","breadcrumb":{"@id":"https:\/\/www.pdsglobal.com\/client-implementation\/#breadcrumb"},"inLanguage":"pt-PT","potentialAction":[{"@type":"ReadAction","target":["https:\/\/www.pdsglobal.com\/client-implementation\/"]}]},{"@type":"BreadcrumbList","@id":"https:\/\/www.pdsglobal.com\/client-implementation\/#breadcrumb","itemListElement":[{"@type":"ListItem","position":1,"name":"Home","item":"https:\/\/www.pdsglobal.com\/"},{"@type":"ListItem","position":2,"name":"Client Implementation"}]},{"@type":"WebSite","@id":"https:\/\/www.pdsglobal.com\/#website","url":"https:\/\/www.pdsglobal.com\/","name":"PDS Global","description":"Real World Technology","publisher":{"@id":"https:\/\/www.pdsglobal.com\/#organization"},"potentialAction":[{"@type":"SearchAction","target":{"@type":"EntryPoint","urlTemplate":"https:\/\/www.pdsglobal.com\/?s={search_term_string}"},"query-input":{"@type":"PropertyValueSpecification","valueRequired":true,"valueName":"search_term_string"}}],"inLanguage":"pt-PT"},{"@type":"Organization","@id":"https:\/\/www.pdsglobal.com\/#organization","name":"PDS Global","url":"https:\/\/www.pdsglobal.com\/","logo":{"@type":"ImageObject","inLanguage":"pt-PT","@id":"https:\/\/www.pdsglobal.com\/#\/schema\/logo\/image\/","url":"https:\/\/www.pdsglobal.com\/wp-content\/uploads\/2025\/11\/PDS_Primary.png","contentUrl":"https:\/\/www.pdsglobal.com\/wp-content\/uploads\/2025\/11\/PDS_Primary.png","width":729,"height":195,"caption":"PDS Global"},"image":{"@id":"https:\/\/www.pdsglobal.com\/#\/schema\/logo\/image\/"},"sameAs":["https:\/\/x.com\/PDS_Software","https:\/\/www.linkedin.com\/company\/productivity-development-solutions-pty-ltd\/"]}]}},"_links":{"self":[{"href":"https:\/\/www.pdsglobal.com\/pt\/wp-json\/wp\/v2\/pages\/73","targetHints":{"allow":["GET"]}}],"collection":[{"href":"https:\/\/www.pdsglobal.com\/pt\/wp-json\/wp\/v2\/pages"}],"about":[{"href":"https:\/\/www.pdsglobal.com\/pt\/wp-json\/wp\/v2\/types\/page"}],"author":[{"embeddable":true,"href":"https:\/\/www.pdsglobal.com\/pt\/wp-json\/wp\/v2\/users\/1"}],"replies":[{"embeddable":true,"href":"https:\/\/www.pdsglobal.com\/pt\/wp-json\/wp\/v2\/comments?post=73"}],"version-history":[{"count":19,"href":"https:\/\/www.pdsglobal.com\/pt\/wp-json\/wp\/v2\/pages\/73\/revisions"}],"predecessor-version":[{"id":1094,"href":"https:\/\/www.pdsglobal.com\/pt\/wp-json\/wp\/v2\/pages\/73\/revisions\/1094"}],"wp:attachment":[{"href":"https:\/\/www.pdsglobal.com\/pt\/wp-json\/wp\/v2\/media?parent=73"}],"curies":[{"name":"wp","href":"https:\/\/api.w.org\/{rel}","templated":true}]}}