{"id":45,"date":"2020-09-22T06:50:43","date_gmt":"2020-09-22T06:50:43","guid":{"rendered":"https:\/\/www.pdsglobal.com\/?page_id=45"},"modified":"2026-04-07T12:12:38","modified_gmt":"2026-04-07T02:12:38","slug":"complex","status":"publish","type":"page","link":"https:\/\/www.pdsglobal.com\/fr\/complex\/","title":{"rendered":"Complex"},"content":{"rendered":"<div class=\"container products\"  id=\"products\">\n   <div class=\"container hasVideo\">\n      <div class=\"wrapper\">\n\n         <div class=\"container vidholder\" style=\"height: 658px;\">\n            <div class=\"container vidcover\" style=\"background-image:url('https:\/\/www.pdsglobal.com\/wp-content\/uploads\/2026\/02\/complex-overlay.webp');\" ><\/div>\n            <div class=\"text\">\n               <h4>VID\u00c9O PRODUIT<\/h4>\n               <h2>Pr\u00e9sentation du Module Complex<\/h2>\n               <div class=\"button\" onclick=\"playVideo();\">Lire la vid\u00e9o<\/div><br>\n               <a href=\"#dl-modal-complex\" class=\"button fancybox-inline data_link requestDemo\" data-link=\"https:\/\/www.pdsglobal.com\/wp-content\/uploads\/2026\/04\/PDS-Complex-Brochure.pdf\" data-title=\"Complex Brochure\">Download Brochure<\/a>\n\t\t\t<\/div>\n            <div class=\"video-wrapper\">\n            <iframe type=\"text\/html\" src=\"https:\/\/www.youtube.com\/embed\/HC162SR4ARI\" frameborder=\"0\" class=\"container\" webkitallowfullscreen=\"\" mozallowfullscreen=\"\" allowfullscreen=\"\"><\/iframe>\n            <\/div>\n\t\t <\/div>\n\n         <div class=\"container text\">\n            <div class=\"left\">\n\t\t\t   <h2><h1>PDS Complex: surveillance de l'\u00e9tat des actifs pour la gestion des panneaux d'\u00e9cran et des rev\u00eatements<\/h1>\n<\/h2>\n\n\t\t\t   \n\t\t\t\t\t\t<a href=\"https:\/\/www.pdsglobal.com\/fr\/demo\/\" class=\"button\">Demander une d\u00e9mo<\/a>\n\n\t\t\t\t\t\n\t\t\t\t\t\t<a href=\"https:\/\/www.pdsglobal.com\/fr\/our-story\/\" class=\"button\">D\u00e9couvrez notre compagnie<\/a>\n\n\t\t\t\t\t\t\t\t\t\t\t\t<\/div>\n\n            <div class=\"right\">\n               <p>PDS Complex fournit un outil de visualisation de premier plan pour le suivi et la pr\u00e9vision de l'usure des actifs \u00e0 surfaces multiples d'usure telles que les chemises de goulotte, les panneaux de criblage, les plateaux de camions de transport, les alimentateurs et les concasseurs.<\/p>\n<p>Initialement cr\u00e9\u00e9 pour aider les clients \u00e0 suivre les rev\u00eatements de goulotte, des panneaux de criblage, un d\u00e9veloppement important a \u00e9t\u00e9 fait ces derniers temps pour fournir une approche plus holistique de la strat\u00e9gie de maintenance des rev\u00eatements et de l'analyse historique, l\u00e0 o\u00f9 pr\u00e9c\u00e9demment les donn\u00e9es n'\u00e9taient pas couramment disponibles.<\/p>\n<p>En t\u00e9l\u00e9chargeant le site certifi\u00e9e de PDS, chaque rev\u00eatement\/panneau est cr\u00e9\u00e9 comme identit\u00e9 individuelle de l'\u00e9quipement. Facilitant ainsi la capacit\u00e9 de capturer la date d'installation, les d\u00e9tails du rev\u00eatement\/panneau, les tests d'usure, les inspections et les dates de remplacement \u00e9ventuelles. Ceci s'av\u00e8re inestimable pour les d\u00e9cisions concernant les mod\u00e8les d'usure dans les goulottes et l'ad\u00e9quation du type de mat\u00e9riau par rapport \u00e0 la dur\u00e9e de vie du rev\u00eatement.<\/p>\n<p>L'int\u00e9gration avec la num\u00e9risation 3D a \u00e9galement \u00e9t\u00e9 engag\u00e9 pour convertir l'\u00e9cart d'usure des donn\u00e9es de num\u00e9risation avec l'\u00e9paisseur actuelle t\u00e9l\u00e9charg\u00e9e, permettant des pr\u00e9visions aux points d'alarme dans les rapports PDS.<\/p>\n            <\/div>\n\t\t <\/div>\n\n      <\/div>\n   <\/div>\n<\/div>\n\n\n\n<div class=\"wp-block-group wrapper\"><div class=\"wp-block-group__inner-container is-layout-flow wp-block-group-is-layout-flow\">\n<h2 class=\"wp-block-heading\">Le module Complex fournit<\/h2>\n\n\n\n<ul class=\"wp-block-list\">\n<li>Mise en page personnalis\u00e9e.<\/li>\n\n\n\n<li>Dispositions affich\u00e9es sur les appareils pour capturer les donn\u00e9es terrain.<\/li>\n\n\n\n<li>Chaque entit\u00e9 (rev\u00eatement\/panneau) cr\u00e9\u00e9e avec un identifiant unique pour faciliter l'analyse historique.<\/li>\n\n\n\n<li>Fonctionnalit\u00e9 des actifs, y compris le suivi de la date d'installation, les types de mat\u00e9riaux, les num\u00e9ros de pi\u00e8ces, l'\u00e9paisseur et les dimensions.<\/li>\n\n\n\n<li>La fonction de remplacement capture la date de remplacement, la dur\u00e9e de vie de l'entit\u00e9 et la raison du remplacement pour l'inventaire apr\u00e8s l'arr\u00eat ou l'analyse historique.<\/li>\n\n\n\n<li>La fonction de planification comprend la planification des remplacements, englobant des inspections visuelles et\/ou des donn\u00e9es d'usure pour aider \u00e0 l'identification des composants pour la planification avant l'arr\u00eat.<\/li>\n\n\n\n<li>Ajout de r\u00e9sultats d'usure via une saisie manuelle, via des mod\u00e8les d'importation dans la version Web ou via l'int\u00e9gration avec les donn\u00e9es de num\u00e9risation.<\/li>\n\n\n\n<li>Des vues color\u00e9es pour mettre en \u00e9vidence les rev\u00eatements qui ont \u00e9t\u00e9 remplac\u00e9s, ceux dont le remplacement est pr\u00e9vu et une carte thermique  des r\u00e9sultats d'usure enregistr\u00e9s indiquant l'\u00e9paisseur restante, permettent aux utilisateurs d'acc\u00e9der aux informations  personnalis\u00e9es, m\u00eame dans les zones hors ligne de l'usine.<\/li>\n\n\n\n<li>La configuration des goulottes\/\u00e9crans dans le cadre des inspections planifi\u00e9es PDS permet une transition versun \u00e9cran dispotant de toutes les fonctionnalit\u00e9s disponibles. Une fois termin\u00e9, continuez avec les inspections bas\u00e9es sur les t\u00e2ches restantes.<\/li>\n<\/ul>\n\n\n\n<figure class=\"wp-block-image size-full\"><img decoding=\"async\" width=\"1754\" height=\"1241\" src=\"https:\/\/www.pdsglobal.com\/wp-content\/uploads\/2026\/03\/Complex-Products-page-report-update_page-0001-2.jpg\" alt=\"\" class=\"wp-image-2042\" srcset=\"https:\/\/www.pdsglobal.com\/wp-content\/uploads\/2026\/03\/Complex-Products-page-report-update_page-0001-2.jpg 1754w, https:\/\/www.pdsglobal.com\/wp-content\/uploads\/2026\/03\/Complex-Products-page-report-update_page-0001-2-300x212.jpg 300w, https:\/\/www.pdsglobal.com\/wp-content\/uploads\/2026\/03\/Complex-Products-page-report-update_page-0001-2-1024x725.jpg 1024w, https:\/\/www.pdsglobal.com\/wp-content\/uploads\/2026\/03\/Complex-Products-page-report-update_page-0001-2-768x543.jpg 768w, https:\/\/www.pdsglobal.com\/wp-content\/uploads\/2026\/03\/Complex-Products-page-report-update_page-0001-2-1536x1087.jpg 1536w, https:\/\/www.pdsglobal.com\/wp-content\/uploads\/2026\/03\/Complex-Products-page-report-update_page-0001-2-18x12.jpg 18w\" sizes=\"(max-width: 1754px) 100vw, 1754px\" \/><\/figure>\n\n\n\n<figure class=\"wp-block-image size-full\"><img decoding=\"async\" width=\"1754\" height=\"1241\" src=\"https:\/\/www.pdsglobal.com\/wp-content\/uploads\/2026\/03\/Complex-Products-page-report-update_page-0002-2.jpg\" alt=\"\" class=\"wp-image-2043\" srcset=\"https:\/\/www.pdsglobal.com\/wp-content\/uploads\/2026\/03\/Complex-Products-page-report-update_page-0002-2.jpg 1754w, https:\/\/www.pdsglobal.com\/wp-content\/uploads\/2026\/03\/Complex-Products-page-report-update_page-0002-2-300x212.jpg 300w, https:\/\/www.pdsglobal.com\/wp-content\/uploads\/2026\/03\/Complex-Products-page-report-update_page-0002-2-1024x725.jpg 1024w, https:\/\/www.pdsglobal.com\/wp-content\/uploads\/2026\/03\/Complex-Products-page-report-update_page-0002-2-768x543.jpg 768w, https:\/\/www.pdsglobal.com\/wp-content\/uploads\/2026\/03\/Complex-Products-page-report-update_page-0002-2-1536x1087.jpg 1536w, https:\/\/www.pdsglobal.com\/wp-content\/uploads\/2026\/03\/Complex-Products-page-report-update_page-0002-2-18x12.jpg 18w\" sizes=\"(max-width: 1754px) 100vw, 1754px\" \/><\/figure>\n\n\n\n<div class=\"wp-block-group wrapper\"><div class=\"wp-block-group__inner-container is-layout-flow wp-block-group-is-layout-flow\">\n<p>En savoir plus:<\/p>\n\n\n\n<div class=\"wp-block-group\"><div class=\"wp-block-group__inner-container is-layout-flow wp-block-group-is-layout-flow\">\n<div class=\"wp-block-buttons is-layout-flex wp-block-buttons-is-layout-flex\">\n<div class=\"wp-block-button\"><a class=\"wp-block-button__link has-white-color has-text-color has-background has-link-color has-custom-font-size wp-element-button\" href=\"\/fr\/contact-us\/\" style=\"border-radius:0px;background-color:#62b5e5;font-size:16px;font-style:normal;font-weight:700\">Nous contacter<\/a><\/div>\n<\/div>\n<\/div><\/div>\n\n\n\n<div style=\"height:30px\" aria-hidden=\"true\" class=\"wp-block-spacer\"><\/div>\n<\/div><\/div>\n<\/div><\/div>\n\n\n\n<p><\/p>\n\n\n\n<p><\/p>\n\n\n<div data-post-id=\"522\" class=\"insert-page insert-page-522\">\n<div class=\"container strip padding40 hideonmob\" id=\"strip\">\n  <div class=\"wrapper\">\n    <div class=\"txt\">Vous souhaitez planifier une d\u00e9monstration des fonctionnalit\u00e9s du logiciel PDS?<\/div>\n    <a href=\"https:\/\/www.pdsglobal.com\/fr\/demo\/\" class=\"btn\">Demander une d\u00e9mo<\/a>\n  <\/div>\n<\/div>\n\n\n<p><\/p>\n<\/div>\n\n\n\n\n<div class=\"wp-block-buttons is-layout-flex wp-block-buttons-is-layout-flex\"><\/div>","protected":false},"excerpt":{"rendered":"<p>PDS Complex Provides Find out more:<\/p>","protected":false},"author":1,"featured_media":46,"parent":0,"menu_order":0,"comment_status":"closed","ping_status":"closed","template":"","meta":{"_acf_changed":false,"footnotes":""},"class_list":["post-45","page","type-page","status-publish","has-post-thumbnail","hentry"],"acf":[],"yoast_head":"<!-- This site is optimized with the Yoast SEO plugin v27.4 - https:\/\/yoast.com\/product\/yoast-seo-wordpress\/ -->\n<title>Liner Management Software | PDS Complex<\/title>\n<meta name=\"description\" content=\"PDS Complex, a market leading visualisation tool for screen panel and liner management, condition monitoring and predicting wear in assets with multiple wear surfaces.\" \/>\n<meta name=\"robots\" content=\"index, follow, max-snippet:-1, max-image-preview:large, max-video-preview:-1\" \/>\n<link rel=\"canonical\" href=\"https:\/\/www.pdsglobal.com\/fr\/complex\/\" \/>\n<meta property=\"og:locale\" content=\"fr_FR\" \/>\n<meta property=\"og:type\" content=\"article\" \/>\n<meta property=\"og:title\" content=\"Liner Management Software | PDS Complex\" \/>\n<meta property=\"og:description\" content=\"PDS Complex, a market leading visualisation tool for screen panel and liner management, condition monitoring and predicting wear in assets with multiple wear surfaces.\" \/>\n<meta property=\"og:url\" content=\"https:\/\/www.pdsglobal.com\/fr\/complex\/\" \/>\n<meta property=\"og:site_name\" content=\"PDS\" \/>\n<meta property=\"article:modified_time\" content=\"2026-04-07T02:12:38+00:00\" \/>\n<meta property=\"og:image\" content=\"https:\/\/www.pdsglobal.com\/wp-content\/uploads\/2020\/09\/complex-image-5a010ec0a6465.png\" \/>\n\t<meta property=\"og:image:width\" content=\"1170\" \/>\n\t<meta property=\"og:image:height\" content=\"658\" \/>\n\t<meta property=\"og:image:type\" content=\"image\/png\" \/>\n<meta name=\"twitter:card\" content=\"summary_large_image\" \/>\n<meta name=\"twitter:site\" content=\"@PDS_Software\" \/>\n<meta name=\"twitter:label1\" content=\"Dur\u00e9e de lecture estim\u00e9e\" \/>\n\t<meta name=\"twitter:data1\" content=\"2 minutes\" \/>\n<script type=\"application\/ld+json\" class=\"yoast-schema-graph\">{\"@context\":\"https:\\\/\\\/schema.org\",\"@graph\":[{\"@type\":\"WebPage\",\"@id\":\"https:\\\/\\\/www.pdsglobal.com\\\/complex\\\/\",\"url\":\"https:\\\/\\\/www.pdsglobal.com\\\/complex\\\/\",\"name\":\"Liner Management Software | PDS Complex\",\"isPartOf\":{\"@id\":\"https:\\\/\\\/www.pdsglobal.com\\\/#website\"},\"primaryImageOfPage\":{\"@id\":\"https:\\\/\\\/www.pdsglobal.com\\\/complex\\\/#primaryimage\"},\"image\":{\"@id\":\"https:\\\/\\\/www.pdsglobal.com\\\/complex\\\/#primaryimage\"},\"thumbnailUrl\":\"https:\\\/\\\/www.pdsglobal.com\\\/wp-content\\\/uploads\\\/2020\\\/09\\\/complex-image-5a010ec0a6465.png\",\"datePublished\":\"2020-09-22T06:50:43+00:00\",\"dateModified\":\"2026-04-07T02:12:38+00:00\",\"description\":\"PDS Complex, a market leading visualisation tool for screen panel and liner management, condition monitoring and predicting wear in assets with multiple wear surfaces.\",\"breadcrumb\":{\"@id\":\"https:\\\/\\\/www.pdsglobal.com\\\/complex\\\/#breadcrumb\"},\"inLanguage\":\"fr-FR\",\"potentialAction\":[{\"@type\":\"ReadAction\",\"target\":[\"https:\\\/\\\/www.pdsglobal.com\\\/complex\\\/\"]}]},{\"@type\":\"ImageObject\",\"inLanguage\":\"fr-FR\",\"@id\":\"https:\\\/\\\/www.pdsglobal.com\\\/complex\\\/#primaryimage\",\"url\":\"https:\\\/\\\/www.pdsglobal.com\\\/wp-content\\\/uploads\\\/2020\\\/09\\\/complex-image-5a010ec0a6465.png\",\"contentUrl\":\"https:\\\/\\\/www.pdsglobal.com\\\/wp-content\\\/uploads\\\/2020\\\/09\\\/complex-image-5a010ec0a6465.png\",\"width\":1170,\"height\":658,\"caption\":\"Liner Management software\"},{\"@type\":\"BreadcrumbList\",\"@id\":\"https:\\\/\\\/www.pdsglobal.com\\\/complex\\\/#breadcrumb\",\"itemListElement\":[{\"@type\":\"ListItem\",\"position\":1,\"name\":\"Home\",\"item\":\"https:\\\/\\\/www.pdsglobal.com\\\/\"},{\"@type\":\"ListItem\",\"position\":2,\"name\":\"Complex\"}]},{\"@type\":\"WebSite\",\"@id\":\"https:\\\/\\\/www.pdsglobal.com\\\/#website\",\"url\":\"https:\\\/\\\/www.pdsglobal.com\\\/\",\"name\":\"PDS Global\",\"description\":\"Real World Technology\",\"publisher\":{\"@id\":\"https:\\\/\\\/www.pdsglobal.com\\\/#organization\"},\"potentialAction\":[{\"@type\":\"SearchAction\",\"target\":{\"@type\":\"EntryPoint\",\"urlTemplate\":\"https:\\\/\\\/www.pdsglobal.com\\\/?s={search_term_string}\"},\"query-input\":{\"@type\":\"PropertyValueSpecification\",\"valueRequired\":true,\"valueName\":\"search_term_string\"}}],\"inLanguage\":\"fr-FR\"},{\"@type\":\"Organization\",\"@id\":\"https:\\\/\\\/www.pdsglobal.com\\\/#organization\",\"name\":\"PDS Global\",\"url\":\"https:\\\/\\\/www.pdsglobal.com\\\/\",\"logo\":{\"@type\":\"ImageObject\",\"inLanguage\":\"fr-FR\",\"@id\":\"https:\\\/\\\/www.pdsglobal.com\\\/#\\\/schema\\\/logo\\\/image\\\/\",\"url\":\"https:\\\/\\\/www.pdsglobal.com\\\/wp-content\\\/uploads\\\/2025\\\/11\\\/PDS_Primary.png\",\"contentUrl\":\"https:\\\/\\\/www.pdsglobal.com\\\/wp-content\\\/uploads\\\/2025\\\/11\\\/PDS_Primary.png\",\"width\":729,\"height\":195,\"caption\":\"PDS Global\"},\"image\":{\"@id\":\"https:\\\/\\\/www.pdsglobal.com\\\/#\\\/schema\\\/logo\\\/image\\\/\"},\"sameAs\":[\"https:\\\/\\\/x.com\\\/PDS_Software\",\"https:\\\/\\\/www.linkedin.com\\\/company\\\/productivity-development-solutions-pty-ltd\\\/\"]}]}<\/script>\n<!-- \/ Yoast SEO plugin. -->","yoast_head_json":{"title":"Liner Management Software | PDS Complex","description":"PDS Complex, a market leading visualisation tool for screen panel and liner management, condition monitoring and predicting wear in assets with multiple wear surfaces.","robots":{"index":"index","follow":"follow","max-snippet":"max-snippet:-1","max-image-preview":"max-image-preview:large","max-video-preview":"max-video-preview:-1"},"canonical":"https:\/\/www.pdsglobal.com\/fr\/complex\/","og_locale":"fr_FR","og_type":"article","og_title":"Liner Management Software | PDS Complex","og_description":"PDS Complex, a market leading visualisation tool for screen panel and liner management, condition monitoring and predicting wear in assets with multiple wear surfaces.","og_url":"https:\/\/www.pdsglobal.com\/fr\/complex\/","og_site_name":"PDS","article_modified_time":"2026-04-07T02:12:38+00:00","og_image":[{"width":1170,"height":658,"url":"https:\/\/www.pdsglobal.com\/wp-content\/uploads\/2020\/09\/complex-image-5a010ec0a6465.png","type":"image\/png"}],"twitter_card":"summary_large_image","twitter_site":"@PDS_Software","twitter_misc":{"Dur\u00e9e de lecture estim\u00e9e":"2 minutes"},"schema":{"@context":"https:\/\/schema.org","@graph":[{"@type":"WebPage","@id":"https:\/\/www.pdsglobal.com\/complex\/","url":"https:\/\/www.pdsglobal.com\/complex\/","name":"Liner Management Software | PDS Complex","isPartOf":{"@id":"https:\/\/www.pdsglobal.com\/#website"},"primaryImageOfPage":{"@id":"https:\/\/www.pdsglobal.com\/complex\/#primaryimage"},"image":{"@id":"https:\/\/www.pdsglobal.com\/complex\/#primaryimage"},"thumbnailUrl":"https:\/\/www.pdsglobal.com\/wp-content\/uploads\/2020\/09\/complex-image-5a010ec0a6465.png","datePublished":"2020-09-22T06:50:43+00:00","dateModified":"2026-04-07T02:12:38+00:00","description":"PDS Complex, a market leading visualisation tool for screen panel and liner management, condition monitoring and predicting wear in assets with multiple wear surfaces.","breadcrumb":{"@id":"https:\/\/www.pdsglobal.com\/complex\/#breadcrumb"},"inLanguage":"fr-FR","potentialAction":[{"@type":"ReadAction","target":["https:\/\/www.pdsglobal.com\/complex\/"]}]},{"@type":"ImageObject","inLanguage":"fr-FR","@id":"https:\/\/www.pdsglobal.com\/complex\/#primaryimage","url":"https:\/\/www.pdsglobal.com\/wp-content\/uploads\/2020\/09\/complex-image-5a010ec0a6465.png","contentUrl":"https:\/\/www.pdsglobal.com\/wp-content\/uploads\/2020\/09\/complex-image-5a010ec0a6465.png","width":1170,"height":658,"caption":"Liner Management software"},{"@type":"BreadcrumbList","@id":"https:\/\/www.pdsglobal.com\/complex\/#breadcrumb","itemListElement":[{"@type":"ListItem","position":1,"name":"Home","item":"https:\/\/www.pdsglobal.com\/"},{"@type":"ListItem","position":2,"name":"Complex"}]},{"@type":"WebSite","@id":"https:\/\/www.pdsglobal.com\/#website","url":"https:\/\/www.pdsglobal.com\/","name":"PDS Global","description":"Real World Technology","publisher":{"@id":"https:\/\/www.pdsglobal.com\/#organization"},"potentialAction":[{"@type":"SearchAction","target":{"@type":"EntryPoint","urlTemplate":"https:\/\/www.pdsglobal.com\/?s={search_term_string}"},"query-input":{"@type":"PropertyValueSpecification","valueRequired":true,"valueName":"search_term_string"}}],"inLanguage":"fr-FR"},{"@type":"Organization","@id":"https:\/\/www.pdsglobal.com\/#organization","name":"PDS Global","url":"https:\/\/www.pdsglobal.com\/","logo":{"@type":"ImageObject","inLanguage":"fr-FR","@id":"https:\/\/www.pdsglobal.com\/#\/schema\/logo\/image\/","url":"https:\/\/www.pdsglobal.com\/wp-content\/uploads\/2025\/11\/PDS_Primary.png","contentUrl":"https:\/\/www.pdsglobal.com\/wp-content\/uploads\/2025\/11\/PDS_Primary.png","width":729,"height":195,"caption":"PDS Global"},"image":{"@id":"https:\/\/www.pdsglobal.com\/#\/schema\/logo\/image\/"},"sameAs":["https:\/\/x.com\/PDS_Software","https:\/\/www.linkedin.com\/company\/productivity-development-solutions-pty-ltd\/"]}]}},"_links":{"self":[{"href":"https:\/\/www.pdsglobal.com\/fr\/wp-json\/wp\/v2\/pages\/45","targetHints":{"allow":["GET"]}}],"collection":[{"href":"https:\/\/www.pdsglobal.com\/fr\/wp-json\/wp\/v2\/pages"}],"about":[{"href":"https:\/\/www.pdsglobal.com\/fr\/wp-json\/wp\/v2\/types\/page"}],"author":[{"embeddable":true,"href":"https:\/\/www.pdsglobal.com\/fr\/wp-json\/wp\/v2\/users\/1"}],"replies":[{"embeddable":true,"href":"https:\/\/www.pdsglobal.com\/fr\/wp-json\/wp\/v2\/comments?post=45"}],"version-history":[{"count":52,"href":"https:\/\/www.pdsglobal.com\/fr\/wp-json\/wp\/v2\/pages\/45\/revisions"}],"predecessor-version":[{"id":2313,"href":"https:\/\/www.pdsglobal.com\/fr\/wp-json\/wp\/v2\/pages\/45\/revisions\/2313"}],"wp:featuredmedia":[{"embeddable":true,"href":"https:\/\/www.pdsglobal.com\/fr\/wp-json\/wp\/v2\/media\/46"}],"wp:attachment":[{"href":"https:\/\/www.pdsglobal.com\/fr\/wp-json\/wp\/v2\/media?parent=45"}],"curies":[{"name":"wp","href":"https:\/\/api.w.org\/{rel}","templated":true}]}}