{"id":42,"date":"2020-09-22T06:48:38","date_gmt":"2020-09-22T06:48:38","guid":{"rendered":"https:\/\/www.pdsglobal.com\/?page_id=42"},"modified":"2026-04-07T12:12:29","modified_gmt":"2026-04-07T02:12:29","slug":"inspect","status":"publish","type":"page","link":"https:\/\/www.pdsglobal.com\/fr\/inspect\/","title":{"rendered":"Inspect"},"content":{"rendered":"<div class=\"container products\"  id=\"products\">\n   <div class=\"container hasVideo\">\n      <div class=\"wrapper\">\n\n         <div class=\"container vidholder\" style=\"height: 658px;\">\n            <div class=\"container vidcover\" style=\"background-image:url('https:\/\/www.pdsglobal.com\/wp-content\/uploads\/2026\/02\/inspect-overlay.webp');\" ><\/div>\n            <div class=\"text\">\n               <h4>VID\u00c9O PRODUIT<\/h4>\n               <h2>Pr\u00e9sentation du Module Inspect<\/h2>\n               <div class=\"button\" onclick=\"playVideo();\">Lire la vid\u00e9o<\/div><br>\n               <a href=\"#dl-modal-inspect\" class=\"button fancybox-inline data_link requestDemo\" data-link=\"https:\/\/www.pdsglobal.com\/wp-content\/uploads\/2026\/04\/PDS-Inspect-Brochure.pdf\" data-title=\"Inspect Brochure\">Download Brochure<\/a>\n\t\t\t<\/div>\n            <div class=\"video-wrapper\">\n            <iframe type=\"text\/html\" src=\"https:\/\/www.youtube.com\/embed\/1a93TL7CD9k\" frameborder=\"0\" class=\"container\" webkitallowfullscreen=\"\" mozallowfullscreen=\"\" allowfullscreen=\"\"><\/iframe>\n            <\/div>\n\t\t <\/div>\n\n         <div class=\"container text\">\n            <div class=\"left\">\n\t\t\t   <h2><h1>PDS Inspect: Le logiciel pratique d'inspection des actifs<\/h1>\n<\/h2>\n\n\t\t\t   \n\t\t\t\t\t\t<a href=\"https:\/\/www.pdsglobal.com\/fr\/demo\/\" class=\"button\">Demander une d\u00e9mo<\/a>\n\n\t\t\t\t\t\n\t\t\t\t\t\t<a href=\"https:\/\/www.pdsglobal.com\/fr\/our-story\/\" class=\"button\">D\u00e9couvrez notre compagnie<\/a>\n\n\t\t\t\t\t\t\t\t\t\t\t\t<\/div>\n\n            <div class=\"right\">\n               <p>Les inspections manuelles sur papier sont inefficaces, prennent du temps et manquent souvent de d\u00e9tails et de pr\u00e9cision. La plupart des applications d'inspection sur le march\u00e9 offrent simplement une feuille de contr\u00f4le num\u00e9rique sans informations sur les actifs. PDS offre une solution r\u00e9volutionnaire en introduisant un logiciel int\u00e9gr\u00e9 d'inspection des actifs.<\/p>\n<h2>Notre logiciel de gestion des inspections<\/h2>\n<p>PDS Inspect r\u00e9sout tous ces probl\u00e8mes et peut \u00eatre utilis\u00e9 pour des inspections bas\u00e9es sur les actifs ou sur les t\u00e2ches.<\/p>\n<p>Une inspection bas\u00e9e sur les actifs permet \u00e0 l'utilisateur d'effectuer une inspection en enregistrant ses r\u00e9sultats peu importe l'ordre des actifs.<\/p>\n<p>Une inspection bas\u00e9e sur les t\u00e2ches fournit \u00e0 l'utilisateur une liste de t\u00e2ches pr\u00e9configur\u00e9e et structur\u00e9e, comprenant toutes les t\u00e2ches  d'un ordre de travail (par exemple : contr\u00f4les de s\u00e9curit\u00e9, contr\u00f4les d'entretien) rempla\u00e7ant le programme papier actuel d'une organisation.<\/p>\n            <\/div>\n\t\t <\/div>\n\n      <\/div>\n   <\/div>\n<\/div>\n\n\n\n<div class=\"wp-block-group wrapper\"><div class=\"wp-block-group__inner-container is-layout-flow wp-block-group-is-layout-flow\">\n<p>Les t\u00e2ches d'inspection peuvent \u00eatre configur\u00e9es comme des contr\u00f4les visuels, des  mesures ou simplement des enregistrements d'\u00e9tat. Les photos sont facilement captur\u00e9es et ajout\u00e9es au rapport d'inspection. Il est \u00e9galement possible de relier les t\u00e2ches d'inspection aux autres produits PDS permettant une int\u00e9gration transparente et un acc\u00e8s aux fonctionnalit\u00e9s.<\/p>\n\n\n\n<p>Les listes d\u00e9roulantes configurables de gravit\u00e9 et les codes d'erreur aident \u00e0 normaliser le signalement des erreurs et \u00e0 configurer le logiciel pour l'int\u00e9gration avec SAP, faisant ainsi de PDS Inspect l'outil d'inspection de premi\u00e8re ligne. Passez aux inspections sans papier sur votre site avec PDS Inspect - la solution num\u00e9rique pratique pour g\u00e9rer les enregistrements d'inspection. PDS Inspect fournit une plate-forme num\u00e9rique robuste pour capturer l'historique des pannes des actifs au fil du temps, permettant des rapports d\u00e9taill\u00e9s sur les conditions de l'usine et les exigences de maintenance exceptionnelles.<\/p>\n\n\n\n<h2 class=\"wp-block-heading\">Rapports interactifs<\/h2>\n\n\n\n<p>Chaque t\u00e2che d'inspection termin\u00e9e est enregistr\u00e9e avec un horodatage et un nom d'utilisateur pour la tra\u00e7abilit\u00e9, ce qui am\u00e9liore \u00e9galement la cr\u00e9dibilit\u00e9 du dossier d'inspection. Le rapport d'inspection, y compris tous les r\u00e9sultats et photos, peut \u00eatre g\u00e9n\u00e9r\u00e9 et envoy\u00e9 par e-mail directement. PDS Inspect fournit un aper\u00e7u rapide des probl\u00e8mes critiques n\u00e9cessitant une attention particuli\u00e8re. Des rapports interactifs et des vues de tableau de bord permettent aux utilisateurs de voir rapidement l'\u00e9tat de leurs actifs ainsi que l'\u00e9tat actuel de l'inspection en fonction de la priorit\u00e9.<\/p>\n\n\n\n<figure class=\"wp-block-image size-full\"><img decoding=\"async\" width=\"359\" height=\"265\" src=\"https:\/\/www.pdsglobal.com\/wp-content\/uploads\/2022\/03\/Inspect.png\" alt=\"Inspect module\" class=\"wp-image-974\" srcset=\"https:\/\/www.pdsglobal.com\/wp-content\/uploads\/2022\/03\/Inspect.png 359w, https:\/\/www.pdsglobal.com\/wp-content\/uploads\/2022\/03\/Inspect-300x221.png 300w, https:\/\/www.pdsglobal.com\/wp-content\/uploads\/2022\/03\/Inspect-16x12.png 16w\" sizes=\"(max-width: 359px) 100vw, 359px\" \/><\/figure>\n<\/div><\/div>\n\n\n\n<div class=\"wp-block-group wrapper\"><div class=\"wp-block-group__inner-container is-layout-flow wp-block-group-is-layout-flow\">\n<p>En savoir plus:<\/p>\n\n\n\n<div class=\"wp-block-group\"><div class=\"wp-block-group__inner-container is-layout-flow wp-block-group-is-layout-flow\">\n<div class=\"wp-block-buttons is-layout-flex wp-block-buttons-is-layout-flex\">\n<div class=\"wp-block-button\"><a class=\"wp-block-button__link has-white-color has-text-color has-background has-link-color has-custom-font-size wp-element-button\" href=\"\/fr\/contact-us\/\" style=\"border-radius:0px;background-color:#62b5e5;font-size:16px;font-style:normal;font-weight:700\">Nous contacter<\/a><\/div>\n<\/div>\n<\/div><\/div>\n\n\n\n<div style=\"height:30px\" aria-hidden=\"true\" class=\"wp-block-spacer\"><\/div>\n<\/div><\/div>\n\n\n<div data-post-id=\"522\" class=\"insert-page insert-page-522\">\n<div class=\"container strip padding40 hideonmob\" id=\"strip\">\n  <div class=\"wrapper\">\n    <div class=\"txt\">Vous souhaitez planifier une d\u00e9monstration des fonctionnalit\u00e9s du logiciel PDS?<\/div>\n    <a href=\"https:\/\/www.pdsglobal.com\/fr\/demo\/\" class=\"btn\">Demander une d\u00e9mo<\/a>\n  <\/div>\n<\/div>\n\n\n<p><\/p>\n<\/div>","protected":false},"excerpt":{"rendered":"<p>Inspection tasks can be configured as visual checks, measurement tasks, or just a status record. Photos are easily captured and added to the inspection report. It is also possible to link inspection tasks to the other PDS products enabling seamless integration and access to the functionality that they each offer. Configurable dropdowns for severity and [&hellip;]<\/p>\n","protected":false},"author":1,"featured_media":43,"parent":0,"menu_order":0,"comment_status":"closed","ping_status":"closed","template":"","meta":{"_acf_changed":false,"footnotes":""},"class_list":["post-42","page","type-page","status-publish","has-post-thumbnail","hentry"],"acf":[],"yoast_head":"<!-- This site is optimized with the Yoast SEO plugin v27.5 - https:\/\/yoast.com\/product\/yoast-seo-wordpress\/ -->\n<title>Mining Asset Inspection Software | PDS Inspect<\/title>\n<meta name=\"description\" content=\"PDS Inspect is Asset Inspection Software that can be used for task or asset-based inspections. It provides interactive reporting on real-time data.\" \/>\n<meta name=\"robots\" content=\"index, follow, max-snippet:-1, max-image-preview:large, max-video-preview:-1\" \/>\n<link rel=\"canonical\" href=\"https:\/\/www.pdsglobal.com\/fr\/inspect\/\" \/>\n<meta property=\"og:locale\" content=\"fr_FR\" \/>\n<meta property=\"og:type\" content=\"article\" \/>\n<meta property=\"og:title\" content=\"Mining Asset Inspection Software | PDS Inspect\" \/>\n<meta property=\"og:description\" content=\"PDS Inspect is Asset Inspection Software that can be used for task or asset-based inspections. It provides interactive reporting on real-time data.\" \/>\n<meta property=\"og:url\" content=\"https:\/\/www.pdsglobal.com\/fr\/inspect\/\" \/>\n<meta property=\"og:site_name\" content=\"PDS\" \/>\n<meta property=\"article:modified_time\" content=\"2026-04-07T02:12:29+00:00\" \/>\n<meta property=\"og:image\" content=\"https:\/\/www.pdsglobal.com\/wp-content\/uploads\/2020\/09\/inspect-image-5a010e8aabc0f.png\" \/>\n\t<meta property=\"og:image:width\" content=\"1170\" \/>\n\t<meta property=\"og:image:height\" content=\"658\" \/>\n\t<meta property=\"og:image:type\" content=\"image\/png\" \/>\n<meta name=\"twitter:card\" content=\"summary_large_image\" \/>\n<meta name=\"twitter:site\" content=\"@PDS_Software\" \/>\n<meta name=\"twitter:label1\" content=\"Dur\u00e9e de lecture estim\u00e9e\" \/>\n\t<meta name=\"twitter:data1\" content=\"2 minutes\" \/>\n<script type=\"application\/ld+json\" class=\"yoast-schema-graph\">{\"@context\":\"https:\\\/\\\/schema.org\",\"@graph\":[{\"@type\":\"WebPage\",\"@id\":\"https:\\\/\\\/www.pdsglobal.com\\\/inspect\\\/\",\"url\":\"https:\\\/\\\/www.pdsglobal.com\\\/inspect\\\/\",\"name\":\"Mining Asset Inspection Software | PDS Inspect\",\"isPartOf\":{\"@id\":\"https:\\\/\\\/www.pdsglobal.com\\\/#website\"},\"primaryImageOfPage\":{\"@id\":\"https:\\\/\\\/www.pdsglobal.com\\\/inspect\\\/#primaryimage\"},\"image\":{\"@id\":\"https:\\\/\\\/www.pdsglobal.com\\\/inspect\\\/#primaryimage\"},\"thumbnailUrl\":\"https:\\\/\\\/www.pdsglobal.com\\\/wp-content\\\/uploads\\\/2020\\\/09\\\/inspect-image-5a010e8aabc0f.png\",\"datePublished\":\"2020-09-22T06:48:38+00:00\",\"dateModified\":\"2026-04-07T02:12:29+00:00\",\"description\":\"PDS Inspect is Asset Inspection Software that can be used for task or asset-based inspections. It provides interactive reporting on real-time data.\",\"breadcrumb\":{\"@id\":\"https:\\\/\\\/www.pdsglobal.com\\\/inspect\\\/#breadcrumb\"},\"inLanguage\":\"fr-FR\",\"potentialAction\":[{\"@type\":\"ReadAction\",\"target\":[\"https:\\\/\\\/www.pdsglobal.com\\\/inspect\\\/\"]}]},{\"@type\":\"ImageObject\",\"inLanguage\":\"fr-FR\",\"@id\":\"https:\\\/\\\/www.pdsglobal.com\\\/inspect\\\/#primaryimage\",\"url\":\"https:\\\/\\\/www.pdsglobal.com\\\/wp-content\\\/uploads\\\/2020\\\/09\\\/inspect-image-5a010e8aabc0f.png\",\"contentUrl\":\"https:\\\/\\\/www.pdsglobal.com\\\/wp-content\\\/uploads\\\/2020\\\/09\\\/inspect-image-5a010e8aabc0f.png\",\"width\":1170,\"height\":658,\"caption\":\"Inspection-app\"},{\"@type\":\"BreadcrumbList\",\"@id\":\"https:\\\/\\\/www.pdsglobal.com\\\/inspect\\\/#breadcrumb\",\"itemListElement\":[{\"@type\":\"ListItem\",\"position\":1,\"name\":\"Home\",\"item\":\"https:\\\/\\\/www.pdsglobal.com\\\/\"},{\"@type\":\"ListItem\",\"position\":2,\"name\":\"Inspect\"}]},{\"@type\":\"WebSite\",\"@id\":\"https:\\\/\\\/www.pdsglobal.com\\\/#website\",\"url\":\"https:\\\/\\\/www.pdsglobal.com\\\/\",\"name\":\"PDS Global\",\"description\":\"Real World Technology\",\"publisher\":{\"@id\":\"https:\\\/\\\/www.pdsglobal.com\\\/#organization\"},\"potentialAction\":[{\"@type\":\"SearchAction\",\"target\":{\"@type\":\"EntryPoint\",\"urlTemplate\":\"https:\\\/\\\/www.pdsglobal.com\\\/?s={search_term_string}\"},\"query-input\":{\"@type\":\"PropertyValueSpecification\",\"valueRequired\":true,\"valueName\":\"search_term_string\"}}],\"inLanguage\":\"fr-FR\"},{\"@type\":\"Organization\",\"@id\":\"https:\\\/\\\/www.pdsglobal.com\\\/#organization\",\"name\":\"PDS Global\",\"url\":\"https:\\\/\\\/www.pdsglobal.com\\\/\",\"logo\":{\"@type\":\"ImageObject\",\"inLanguage\":\"fr-FR\",\"@id\":\"https:\\\/\\\/www.pdsglobal.com\\\/#\\\/schema\\\/logo\\\/image\\\/\",\"url\":\"https:\\\/\\\/www.pdsglobal.com\\\/wp-content\\\/uploads\\\/2025\\\/11\\\/PDS_Primary.png\",\"contentUrl\":\"https:\\\/\\\/www.pdsglobal.com\\\/wp-content\\\/uploads\\\/2025\\\/11\\\/PDS_Primary.png\",\"width\":729,\"height\":195,\"caption\":\"PDS Global\"},\"image\":{\"@id\":\"https:\\\/\\\/www.pdsglobal.com\\\/#\\\/schema\\\/logo\\\/image\\\/\"},\"sameAs\":[\"https:\\\/\\\/x.com\\\/PDS_Software\",\"https:\\\/\\\/www.linkedin.com\\\/company\\\/productivity-development-solutions-pty-ltd\\\/\"]}]}<\/script>\n<!-- \/ Yoast SEO plugin. -->","yoast_head_json":{"title":"Mining Asset Inspection Software | PDS Inspect","description":"PDS Inspect is Asset Inspection Software that can be used for task or asset-based inspections. It provides interactive reporting on real-time data.","robots":{"index":"index","follow":"follow","max-snippet":"max-snippet:-1","max-image-preview":"max-image-preview:large","max-video-preview":"max-video-preview:-1"},"canonical":"https:\/\/www.pdsglobal.com\/fr\/inspect\/","og_locale":"fr_FR","og_type":"article","og_title":"Mining Asset Inspection Software | PDS Inspect","og_description":"PDS Inspect is Asset Inspection Software that can be used for task or asset-based inspections. It provides interactive reporting on real-time data.","og_url":"https:\/\/www.pdsglobal.com\/fr\/inspect\/","og_site_name":"PDS","article_modified_time":"2026-04-07T02:12:29+00:00","og_image":[{"width":1170,"height":658,"url":"https:\/\/www.pdsglobal.com\/wp-content\/uploads\/2020\/09\/inspect-image-5a010e8aabc0f.png","type":"image\/png"}],"twitter_card":"summary_large_image","twitter_site":"@PDS_Software","twitter_misc":{"Dur\u00e9e de lecture estim\u00e9e":"2 minutes"},"schema":{"@context":"https:\/\/schema.org","@graph":[{"@type":"WebPage","@id":"https:\/\/www.pdsglobal.com\/inspect\/","url":"https:\/\/www.pdsglobal.com\/inspect\/","name":"Mining Asset Inspection Software | PDS Inspect","isPartOf":{"@id":"https:\/\/www.pdsglobal.com\/#website"},"primaryImageOfPage":{"@id":"https:\/\/www.pdsglobal.com\/inspect\/#primaryimage"},"image":{"@id":"https:\/\/www.pdsglobal.com\/inspect\/#primaryimage"},"thumbnailUrl":"https:\/\/www.pdsglobal.com\/wp-content\/uploads\/2020\/09\/inspect-image-5a010e8aabc0f.png","datePublished":"2020-09-22T06:48:38+00:00","dateModified":"2026-04-07T02:12:29+00:00","description":"PDS Inspect is Asset Inspection Software that can be used for task or asset-based inspections. It provides interactive reporting on real-time data.","breadcrumb":{"@id":"https:\/\/www.pdsglobal.com\/inspect\/#breadcrumb"},"inLanguage":"fr-FR","potentialAction":[{"@type":"ReadAction","target":["https:\/\/www.pdsglobal.com\/inspect\/"]}]},{"@type":"ImageObject","inLanguage":"fr-FR","@id":"https:\/\/www.pdsglobal.com\/inspect\/#primaryimage","url":"https:\/\/www.pdsglobal.com\/wp-content\/uploads\/2020\/09\/inspect-image-5a010e8aabc0f.png","contentUrl":"https:\/\/www.pdsglobal.com\/wp-content\/uploads\/2020\/09\/inspect-image-5a010e8aabc0f.png","width":1170,"height":658,"caption":"Inspection-app"},{"@type":"BreadcrumbList","@id":"https:\/\/www.pdsglobal.com\/inspect\/#breadcrumb","itemListElement":[{"@type":"ListItem","position":1,"name":"Home","item":"https:\/\/www.pdsglobal.com\/"},{"@type":"ListItem","position":2,"name":"Inspect"}]},{"@type":"WebSite","@id":"https:\/\/www.pdsglobal.com\/#website","url":"https:\/\/www.pdsglobal.com\/","name":"PDS Global","description":"Real World Technology","publisher":{"@id":"https:\/\/www.pdsglobal.com\/#organization"},"potentialAction":[{"@type":"SearchAction","target":{"@type":"EntryPoint","urlTemplate":"https:\/\/www.pdsglobal.com\/?s={search_term_string}"},"query-input":{"@type":"PropertyValueSpecification","valueRequired":true,"valueName":"search_term_string"}}],"inLanguage":"fr-FR"},{"@type":"Organization","@id":"https:\/\/www.pdsglobal.com\/#organization","name":"PDS Global","url":"https:\/\/www.pdsglobal.com\/","logo":{"@type":"ImageObject","inLanguage":"fr-FR","@id":"https:\/\/www.pdsglobal.com\/#\/schema\/logo\/image\/","url":"https:\/\/www.pdsglobal.com\/wp-content\/uploads\/2025\/11\/PDS_Primary.png","contentUrl":"https:\/\/www.pdsglobal.com\/wp-content\/uploads\/2025\/11\/PDS_Primary.png","width":729,"height":195,"caption":"PDS Global"},"image":{"@id":"https:\/\/www.pdsglobal.com\/#\/schema\/logo\/image\/"},"sameAs":["https:\/\/x.com\/PDS_Software","https:\/\/www.linkedin.com\/company\/productivity-development-solutions-pty-ltd\/"]}]}},"_links":{"self":[{"href":"https:\/\/www.pdsglobal.com\/fr\/wp-json\/wp\/v2\/pages\/42","targetHints":{"allow":["GET"]}}],"collection":[{"href":"https:\/\/www.pdsglobal.com\/fr\/wp-json\/wp\/v2\/pages"}],"about":[{"href":"https:\/\/www.pdsglobal.com\/fr\/wp-json\/wp\/v2\/types\/page"}],"author":[{"embeddable":true,"href":"https:\/\/www.pdsglobal.com\/fr\/wp-json\/wp\/v2\/users\/1"}],"replies":[{"embeddable":true,"href":"https:\/\/www.pdsglobal.com\/fr\/wp-json\/wp\/v2\/comments?post=42"}],"version-history":[{"count":68,"href":"https:\/\/www.pdsglobal.com\/fr\/wp-json\/wp\/v2\/pages\/42\/revisions"}],"predecessor-version":[{"id":2312,"href":"https:\/\/www.pdsglobal.com\/fr\/wp-json\/wp\/v2\/pages\/42\/revisions\/2312"}],"wp:featuredmedia":[{"embeddable":true,"href":"https:\/\/www.pdsglobal.com\/fr\/wp-json\/wp\/v2\/media\/43"}],"wp:attachment":[{"href":"https:\/\/www.pdsglobal.com\/fr\/wp-json\/wp\/v2\/media?parent=42"}],"curies":[{"name":"wp","href":"https:\/\/api.w.org\/{rel}","templated":true}]}}