{"id":35,"date":"2020-09-22T06:43:22","date_gmt":"2020-09-22T06:43:22","guid":{"rendered":"https:\/\/www.pdsglobal.com\/?page_id=35"},"modified":"2026-04-07T12:09:56","modified_gmt":"2026-04-07T02:09:56","slug":"idler","status":"publish","type":"page","link":"https:\/\/www.pdsglobal.com\/fr\/idler\/","title":{"rendered":"Idler"},"content":{"rendered":"<div class=\"container products\"  id=\"products\">\n   <div class=\"container hasVideo\">\n      <div class=\"wrapper\">\n\n         <div class=\"container vidholder\" style=\"height: 658px;\">\n            <div class=\"container vidcover\" style=\"background-image:url('https:\/\/www.pdsglobal.com\/wp-content\/uploads\/2026\/02\/idler-overlay.webp');\" ><\/div>\n            <div class=\"text\">\n               <h4>VID\u00c9O PRODUIT<\/h4>\n               <h2>Pr\u00e9sentation du Module Idler<\/h2>\n               <div class=\"button\" onclick=\"playVideo();\">Lire la vid\u00e9o<\/div><br>\n               <a href=\"#dl-modal-idler\" class=\"button fancybox-inline data_link requestDemo\" data-link=\"https:\/\/www.pdsglobal.com\/wp-content\/uploads\/2026\/04\/PDS-Idler-Brochure.pdf\" data-title=\"Idler Brochure\">Download Brochure<\/a>\n\t\t\t<\/div>\n            <div class=\"video-wrapper\">\n            <iframe type=\"text\/html\" src=\"https:\/\/www.youtube.com\/embed\/hOlKulHqeaw\" frameborder=\"0\" class=\"container\" webkitallowfullscreen=\"\" mozallowfullscreen=\"\" allowfullscreen=\"\"><\/iframe>\n            <\/div>\n\t\t <\/div>\n\n         <div class=\"container text\">\n            <div class=\"left\">\n\t\t\t   <h2><h1>la solution compl\u00e8te pour la gestion des pannes de convoyeur<\/h1>\n<\/h2>\n\n\t\t\t   \n\t\t\t\t\t\t<a href=\"https:\/\/www.pdsglobal.com\/fr\/demo\/\" class=\"button\">Demander une d\u00e9mo<\/a>\n\n\t\t\t\t\t\n\t\t\t\t\t\t<a href=\"https:\/\/www.pdsglobal.com\/fr\/our-story\/\" class=\"button\">D\u00e9couvrez notre compagnie<\/a>\n\n\t\t\t\t\t\t\t\t\t\t\t\t<\/div>\n\n            <div class=\"right\">\n               <p>La d\u00e9faillance des courroies transporteuses est une des plus fr\u00e9quentes causes d'arr\u00eat des convoyeurs et de perte de productivit\u00e9 dans les sites miniers du monde entier.<\/p>\n<p>Les probl\u00e8mes courants sont:<\/p>\n<ul>\n<li>Les syst\u00e8mes d'enregistrement sur papier donnent une visibilit\u00e9 limit\u00e9e, ce qui entra\u00eene des opportunit\u00e9s manqu\u00e9es de maintenance.<\/li>\n<li>Les \u00e9tiquettes en papier ne sont pas durables et les enregistrements se perdent.<\/li>\n<li>Analyse limit\u00e9e des donn\u00e9es de d\u00e9faillance des rouleaux.<\/li>\n<li>Diff\u00e9rents groupes de travail peuvent avoir une compr\u00e9hension diff\u00e9rente des niveaux de gravit\u00e9 des pannes.<\/li>\n<li>Les \u00e9quipes de remplacement des rouleaux risquent ne pas disposer de donn\u00e9es de d\u00e9faillance \u00e0 jour, ce qui cause l'oubli de rouleaux d\u00e9fectueux et le remplacement de rouleaux incorrects.<\/li>\n<\/ul>\n<p>Tous ces probl\u00e8mes entra\u00eenent des temps d'arr\u00eat impr\u00e9vus, une gestion inefficace des rouleaux et des strat\u00e9gies de maintenance des rouleaux sous-optimales.<\/p>\n            <\/div>\n\t\t <\/div>\n\n      <\/div>\n   <\/div>\n<\/div>\n\n\n\n<div class=\"wp-block-group wrapper\"><div class=\"wp-block-group__inner-container is-layout-flow wp-block-group-is-layout-flow\">\n<h2 class=\"wp-block-heading\" id=\"our-software-solution\">Notre solution<\/h2>\n\n\n\n<p>PDS Idler aide \u00e0 r\u00e9duire les temps d'arr\u00eat des convoyeurs gr\u00e2ce \u00e0 une inspection num\u00e9rique pr\u00e9cise qui capture des donn\u00e9es de d\u00e9faillance en temps r\u00e9el. PDS Idler utilise les r\u00e9sultats de d\u00e9faillance des inspections visuelles et les donn\u00e9es des syst\u00e8mes de surveillance tiers pour surveiller les rouleaux, les courroies, les cadres et les structures des convoyeurs.<\/p>\n\n\n\n<p>Les pi\u00e8ces des mat\u00e9riaux peuvent \u00eatre num\u00e9rot\u00e9es \u00e0 chaque position de roue libre pour faciliter la planification et l'ex\u00e9cution.<\/p>\n\n\n\n<p>Les op\u00e9rateurs disposent d'un \u00e9cran de saisie convivial pour saisir les d\u00e9tails de la panne tels que l'emplacement de la panne, le type de tendeur et le type de panne \u00e0 l'aide de graphiques et de listes d\u00e9roulantes. Les priorit\u00e9s d'\u00e9chec sont pr\u00e9configur\u00e9es, ce qui \u00e9limine les conjectures. Les donn\u00e9es sont synchronis\u00e9es et renvoy\u00e9es \u00e0 la base de donn\u00e9es en temps r\u00e9el. Les planificateurs sont en mesure de rassembler facilement les besoins en mat\u00e9riaux pour le prochain arr\u00eat grace aux num\u00e9ros de pi\u00e8ces pour chaque convoyeur. Les \u00e9quipes d'ex\u00e9cution peuvent avoir des listes de contr\u00f4le d\u00e9taill\u00e9es pour leurs packs de travail, ce qui facilite la revue du travail termin\u00e9. Les ing\u00e9nieurs en fiabilit\u00e9 et les responsables de la maintenance sont en mesure de produire des rapports indiquant les points chauds, les convoyeurs d\u00e9fectueux et les tendances des pannes.<\/p>\n\n\n\n<p>Cela fournit un outil de gestion puissant pour la planification d\u00e9taill\u00e9e, l'ex\u00e9cution et l'analyse des d\u00e9faillances.<\/p>\n\n\n\n<figure class=\"wp-block-image size-full\"><img decoding=\"async\" width=\"563\" height=\"421\" src=\"https:\/\/www.pdsglobal.com\/wp-content\/uploads\/2026\/03\/Idler-1.png\" alt=\"\" class=\"wp-image-2026\" srcset=\"https:\/\/www.pdsglobal.com\/wp-content\/uploads\/2026\/03\/Idler-1.png 563w, https:\/\/www.pdsglobal.com\/wp-content\/uploads\/2026\/03\/Idler-1-300x224.png 300w, https:\/\/www.pdsglobal.com\/wp-content\/uploads\/2026\/03\/Idler-1-16x12.png 16w\" sizes=\"(max-width: 563px) 100vw, 563px\" \/><\/figure>\n\n\n\n<div style=\"height:30px\" aria-hidden=\"true\" class=\"wp-block-spacer\"><\/div>\n\n\n\n<h3 class=\"wp-block-heading\" id=\"reporting\">Rapports<\/h3>\n\n\n\n<p>Idler a g\u00e9r\u00e9 plus d'un million de pannes de rouleaux allant de l'identification \u00e0 la rectification, a am\u00e9lior\u00e9 l'efficacit\u00e9 des arr\u00eats gr\u00e2ce \u00e0 une meilleure planification et a fourni des informations pr\u00e9cieuses sur une meilleure s\u00e9lection des rouleaux et une meilleure analyse des causes profondes.<\/p>\n\n\n\n<p><br>Plusieurs rapports standard int\u00e9gr\u00e9s sont disponibles pour aider les planificateurs, les mainteneurs et les ing\u00e9nieurs en fiabilit\u00e9. L'acc\u00e8s aux donn\u00e9es API est \u00e9galement possible pour transf\u00e9rer des donn\u00e9es vers des outils de reporting tiers.<\/p>\n\n\n\n<p>En savoir plus:<\/p>\n\n\n\n<div class=\"wp-block-group\"><div class=\"wp-block-group__inner-container is-layout-flow wp-block-group-is-layout-flow\">\n<div class=\"wp-block-buttons is-layout-flex wp-block-buttons-is-layout-flex\">\n<div class=\"wp-block-button\"><a class=\"wp-block-button__link has-white-color has-text-color has-background has-link-color has-custom-font-size wp-element-button\" href=\"\/fr\/contact-us\/\" style=\"border-radius:0px;background-color:#62b5e5;font-size:16px;font-style:normal;font-weight:700\">Nous contacter<\/a><\/div>\n<\/div>\n<\/div><\/div>\n<\/div><\/div>\n\n\n\n<div style=\"height:100px\" aria-hidden=\"true\" class=\"wp-block-spacer\"><\/div>\n\n\n<div data-post-id=\"522\" class=\"insert-page insert-page-522\">\n<div class=\"container strip padding40 hideonmob\" id=\"strip\">\n  <div class=\"wrapper\">\n    <div class=\"txt\">Vous souhaitez planifier une d\u00e9monstration des fonctionnalit\u00e9s du logiciel PDS?<\/div>\n    <a href=\"https:\/\/www.pdsglobal.com\/fr\/demo\/\" class=\"btn\">Demander une d\u00e9mo<\/a>\n  <\/div>\n<\/div>\n\n\n<p><\/p>\n<\/div>","protected":false},"excerpt":{"rendered":"<p>Our Solution PDS Idler helps reduce conveyor downtime through accurate digital inspection which captures precise, real-time failure data. PDS Idler uses failure results from visual inspections and data from third party monitoring systems to monitor conveyor idlers, rollers, frames and structures. Material part numbers can be mapped to every idler position to further support planning [&hellip;]<\/p>\n","protected":false},"author":1,"featured_media":36,"parent":0,"menu_order":0,"comment_status":"closed","ping_status":"closed","template":"","meta":{"_acf_changed":false,"footnotes":""},"class_list":["post-35","page","type-page","status-publish","has-post-thumbnail","hentry"],"acf":[],"yoast_head":"<!-- This site is optimized with the Yoast SEO plugin v27.4 - https:\/\/yoast.com\/product\/yoast-seo-wordpress\/ -->\n<title>Conveyor Idler Failure | PDS Idler<\/title>\n<meta name=\"description\" content=\"PDS Idler is a powerful conveyor idler failure management tool that helps control the financial impact of idler failures, reducing downtime and lost productivity.\" \/>\n<meta name=\"robots\" content=\"index, follow, max-snippet:-1, max-image-preview:large, max-video-preview:-1\" \/>\n<link rel=\"canonical\" href=\"https:\/\/www.pdsglobal.com\/fr\/idler\/\" \/>\n<meta property=\"og:locale\" content=\"fr_FR\" \/>\n<meta property=\"og:type\" content=\"article\" \/>\n<meta property=\"og:title\" content=\"Conveyor Idler Failure | PDS Idler\" \/>\n<meta property=\"og:description\" content=\"PDS Idler is a powerful conveyor idler failure management tool that helps control the financial impact of idler failures, reducing downtime and lost productivity.\" \/>\n<meta property=\"og:url\" content=\"https:\/\/www.pdsglobal.com\/fr\/idler\/\" \/>\n<meta property=\"og:site_name\" content=\"PDS\" \/>\n<meta property=\"article:modified_time\" content=\"2026-04-07T02:09:56+00:00\" \/>\n<meta property=\"og:image\" content=\"https:\/\/www.pdsglobal.com\/wp-content\/uploads\/2020\/09\/idler-image-5a010e4f2dcb0.png\" \/>\n\t<meta property=\"og:image:width\" content=\"1170\" \/>\n\t<meta property=\"og:image:height\" content=\"658\" \/>\n\t<meta property=\"og:image:type\" content=\"image\/png\" \/>\n<meta name=\"twitter:card\" content=\"summary_large_image\" \/>\n<meta name=\"twitter:site\" content=\"@PDS_Software\" \/>\n<meta name=\"twitter:label1\" content=\"Dur\u00e9e de lecture estim\u00e9e\" \/>\n\t<meta name=\"twitter:data1\" content=\"2 minutes\" \/>\n<script type=\"application\/ld+json\" class=\"yoast-schema-graph\">{\"@context\":\"https:\\\/\\\/schema.org\",\"@graph\":[{\"@type\":\"WebPage\",\"@id\":\"https:\\\/\\\/www.pdsglobal.com\\\/idler\\\/\",\"url\":\"https:\\\/\\\/www.pdsglobal.com\\\/idler\\\/\",\"name\":\"Conveyor Idler Failure | PDS Idler\",\"isPartOf\":{\"@id\":\"https:\\\/\\\/www.pdsglobal.com\\\/#website\"},\"primaryImageOfPage\":{\"@id\":\"https:\\\/\\\/www.pdsglobal.com\\\/idler\\\/#primaryimage\"},\"image\":{\"@id\":\"https:\\\/\\\/www.pdsglobal.com\\\/idler\\\/#primaryimage\"},\"thumbnailUrl\":\"https:\\\/\\\/www.pdsglobal.com\\\/wp-content\\\/uploads\\\/2020\\\/09\\\/idler-image-5a010e4f2dcb0.png\",\"datePublished\":\"2020-09-22T06:43:22+00:00\",\"dateModified\":\"2026-04-07T02:09:56+00:00\",\"description\":\"PDS Idler is a powerful conveyor idler failure management tool that helps control the financial impact of idler failures, reducing downtime and lost productivity.\",\"breadcrumb\":{\"@id\":\"https:\\\/\\\/www.pdsglobal.com\\\/idler\\\/#breadcrumb\"},\"inLanguage\":\"fr-FR\",\"potentialAction\":[{\"@type\":\"ReadAction\",\"target\":[\"https:\\\/\\\/www.pdsglobal.com\\\/idler\\\/\"]}]},{\"@type\":\"ImageObject\",\"inLanguage\":\"fr-FR\",\"@id\":\"https:\\\/\\\/www.pdsglobal.com\\\/idler\\\/#primaryimage\",\"url\":\"https:\\\/\\\/www.pdsglobal.com\\\/wp-content\\\/uploads\\\/2020\\\/09\\\/idler-image-5a010e4f2dcb0.png\",\"contentUrl\":\"https:\\\/\\\/www.pdsglobal.com\\\/wp-content\\\/uploads\\\/2020\\\/09\\\/idler-image-5a010e4f2dcb0.png\",\"width\":1170,\"height\":658,\"caption\":\"Roller Management Software\"},{\"@type\":\"BreadcrumbList\",\"@id\":\"https:\\\/\\\/www.pdsglobal.com\\\/idler\\\/#breadcrumb\",\"itemListElement\":[{\"@type\":\"ListItem\",\"position\":1,\"name\":\"Home\",\"item\":\"https:\\\/\\\/www.pdsglobal.com\\\/\"},{\"@type\":\"ListItem\",\"position\":2,\"name\":\"Idler\"}]},{\"@type\":\"WebSite\",\"@id\":\"https:\\\/\\\/www.pdsglobal.com\\\/#website\",\"url\":\"https:\\\/\\\/www.pdsglobal.com\\\/\",\"name\":\"PDS Global\",\"description\":\"Real World Technology\",\"publisher\":{\"@id\":\"https:\\\/\\\/www.pdsglobal.com\\\/#organization\"},\"potentialAction\":[{\"@type\":\"SearchAction\",\"target\":{\"@type\":\"EntryPoint\",\"urlTemplate\":\"https:\\\/\\\/www.pdsglobal.com\\\/?s={search_term_string}\"},\"query-input\":{\"@type\":\"PropertyValueSpecification\",\"valueRequired\":true,\"valueName\":\"search_term_string\"}}],\"inLanguage\":\"fr-FR\"},{\"@type\":\"Organization\",\"@id\":\"https:\\\/\\\/www.pdsglobal.com\\\/#organization\",\"name\":\"PDS Global\",\"url\":\"https:\\\/\\\/www.pdsglobal.com\\\/\",\"logo\":{\"@type\":\"ImageObject\",\"inLanguage\":\"fr-FR\",\"@id\":\"https:\\\/\\\/www.pdsglobal.com\\\/#\\\/schema\\\/logo\\\/image\\\/\",\"url\":\"https:\\\/\\\/www.pdsglobal.com\\\/wp-content\\\/uploads\\\/2025\\\/11\\\/PDS_Primary.png\",\"contentUrl\":\"https:\\\/\\\/www.pdsglobal.com\\\/wp-content\\\/uploads\\\/2025\\\/11\\\/PDS_Primary.png\",\"width\":729,\"height\":195,\"caption\":\"PDS Global\"},\"image\":{\"@id\":\"https:\\\/\\\/www.pdsglobal.com\\\/#\\\/schema\\\/logo\\\/image\\\/\"},\"sameAs\":[\"https:\\\/\\\/x.com\\\/PDS_Software\",\"https:\\\/\\\/www.linkedin.com\\\/company\\\/productivity-development-solutions-pty-ltd\\\/\"]}]}<\/script>\n<!-- \/ Yoast SEO plugin. -->","yoast_head_json":{"title":"Conveyor Idler Failure | PDS Idler","description":"PDS Idler is a powerful conveyor idler failure management tool that helps control the financial impact of idler failures, reducing downtime and lost productivity.","robots":{"index":"index","follow":"follow","max-snippet":"max-snippet:-1","max-image-preview":"max-image-preview:large","max-video-preview":"max-video-preview:-1"},"canonical":"https:\/\/www.pdsglobal.com\/fr\/idler\/","og_locale":"fr_FR","og_type":"article","og_title":"Conveyor Idler Failure | PDS Idler","og_description":"PDS Idler is a powerful conveyor idler failure management tool that helps control the financial impact of idler failures, reducing downtime and lost productivity.","og_url":"https:\/\/www.pdsglobal.com\/fr\/idler\/","og_site_name":"PDS","article_modified_time":"2026-04-07T02:09:56+00:00","og_image":[{"width":1170,"height":658,"url":"https:\/\/www.pdsglobal.com\/wp-content\/uploads\/2020\/09\/idler-image-5a010e4f2dcb0.png","type":"image\/png"}],"twitter_card":"summary_large_image","twitter_site":"@PDS_Software","twitter_misc":{"Dur\u00e9e de lecture estim\u00e9e":"2 minutes"},"schema":{"@context":"https:\/\/schema.org","@graph":[{"@type":"WebPage","@id":"https:\/\/www.pdsglobal.com\/idler\/","url":"https:\/\/www.pdsglobal.com\/idler\/","name":"Conveyor Idler Failure | PDS Idler","isPartOf":{"@id":"https:\/\/www.pdsglobal.com\/#website"},"primaryImageOfPage":{"@id":"https:\/\/www.pdsglobal.com\/idler\/#primaryimage"},"image":{"@id":"https:\/\/www.pdsglobal.com\/idler\/#primaryimage"},"thumbnailUrl":"https:\/\/www.pdsglobal.com\/wp-content\/uploads\/2020\/09\/idler-image-5a010e4f2dcb0.png","datePublished":"2020-09-22T06:43:22+00:00","dateModified":"2026-04-07T02:09:56+00:00","description":"PDS Idler is a powerful conveyor idler failure management tool that helps control the financial impact of idler failures, reducing downtime and lost productivity.","breadcrumb":{"@id":"https:\/\/www.pdsglobal.com\/idler\/#breadcrumb"},"inLanguage":"fr-FR","potentialAction":[{"@type":"ReadAction","target":["https:\/\/www.pdsglobal.com\/idler\/"]}]},{"@type":"ImageObject","inLanguage":"fr-FR","@id":"https:\/\/www.pdsglobal.com\/idler\/#primaryimage","url":"https:\/\/www.pdsglobal.com\/wp-content\/uploads\/2020\/09\/idler-image-5a010e4f2dcb0.png","contentUrl":"https:\/\/www.pdsglobal.com\/wp-content\/uploads\/2020\/09\/idler-image-5a010e4f2dcb0.png","width":1170,"height":658,"caption":"Roller Management Software"},{"@type":"BreadcrumbList","@id":"https:\/\/www.pdsglobal.com\/idler\/#breadcrumb","itemListElement":[{"@type":"ListItem","position":1,"name":"Home","item":"https:\/\/www.pdsglobal.com\/"},{"@type":"ListItem","position":2,"name":"Idler"}]},{"@type":"WebSite","@id":"https:\/\/www.pdsglobal.com\/#website","url":"https:\/\/www.pdsglobal.com\/","name":"PDS Global","description":"Real World Technology","publisher":{"@id":"https:\/\/www.pdsglobal.com\/#organization"},"potentialAction":[{"@type":"SearchAction","target":{"@type":"EntryPoint","urlTemplate":"https:\/\/www.pdsglobal.com\/?s={search_term_string}"},"query-input":{"@type":"PropertyValueSpecification","valueRequired":true,"valueName":"search_term_string"}}],"inLanguage":"fr-FR"},{"@type":"Organization","@id":"https:\/\/www.pdsglobal.com\/#organization","name":"PDS Global","url":"https:\/\/www.pdsglobal.com\/","logo":{"@type":"ImageObject","inLanguage":"fr-FR","@id":"https:\/\/www.pdsglobal.com\/#\/schema\/logo\/image\/","url":"https:\/\/www.pdsglobal.com\/wp-content\/uploads\/2025\/11\/PDS_Primary.png","contentUrl":"https:\/\/www.pdsglobal.com\/wp-content\/uploads\/2025\/11\/PDS_Primary.png","width":729,"height":195,"caption":"PDS Global"},"image":{"@id":"https:\/\/www.pdsglobal.com\/#\/schema\/logo\/image\/"},"sameAs":["https:\/\/x.com\/PDS_Software","https:\/\/www.linkedin.com\/company\/productivity-development-solutions-pty-ltd\/"]}]}},"_links":{"self":[{"href":"https:\/\/www.pdsglobal.com\/fr\/wp-json\/wp\/v2\/pages\/35","targetHints":{"allow":["GET"]}}],"collection":[{"href":"https:\/\/www.pdsglobal.com\/fr\/wp-json\/wp\/v2\/pages"}],"about":[{"href":"https:\/\/www.pdsglobal.com\/fr\/wp-json\/wp\/v2\/types\/page"}],"author":[{"embeddable":true,"href":"https:\/\/www.pdsglobal.com\/fr\/wp-json\/wp\/v2\/users\/1"}],"replies":[{"embeddable":true,"href":"https:\/\/www.pdsglobal.com\/fr\/wp-json\/wp\/v2\/comments?post=35"}],"version-history":[{"count":68,"href":"https:\/\/www.pdsglobal.com\/fr\/wp-json\/wp\/v2\/pages\/35\/revisions"}],"predecessor-version":[{"id":2387,"href":"https:\/\/www.pdsglobal.com\/fr\/wp-json\/wp\/v2\/pages\/35\/revisions\/2387"}],"wp:featuredmedia":[{"embeddable":true,"href":"https:\/\/www.pdsglobal.com\/fr\/wp-json\/wp\/v2\/media\/36"}],"wp:attachment":[{"href":"https:\/\/www.pdsglobal.com\/fr\/wp-json\/wp\/v2\/media?parent=35"}],"curies":[{"name":"wp","href":"https:\/\/api.w.org\/{rel}","templated":true}]}}