{"id":169,"date":"2020-09-24T07:05:54","date_gmt":"2020-09-24T07:05:54","guid":{"rendered":"https:\/\/www.pdsglobal.com\/?page_id=169"},"modified":"2025-06-23T16:03:46","modified_gmt":"2025-06-23T06:03:46","slug":"mission-vision-values","status":"publish","type":"page","link":"https:\/\/www.pdsglobal.com\/fr\/mission-vision-values\/","title":{"rendered":"Mission, Vision &#038; Values"},"content":{"rendered":"<div class=\"container mission padding100\" id=\"mission\">\n  <div class=\"wrapper\">\n    <h2>Mission, vision et valeurs<\/h2>\n    <div class=\"container list\">\n      \t<div class=\"box\">\n        <div class=\"container heading\">Mission<\/div>\n\t\t\t<div class=\"container text\" style=\"height: 386px;\">\n\t\t\t\t<p>Nous fournissons une technologie et un soutien pratiques qui permettent \u00e0 nos clients de g\u00e9rer efficacement leurs actifs.<\/p>\n<p>Nous construisons des relations solides pour nous assurer que notre technologie correspond aux besoins sp\u00e9cifiques de nos clients.<\/p>\n<p>Nous d\u00e9veloppons une compr\u00e9hension approfondie des exigences de nos clients nous permettant de fa\u00e7onner nos innovations sur le long terme.<\/p>\n\t\t\t<\/div>\n\t\t  <\/div>\n\n      \t<div class=\"box\">\n        <div class=\"container heading\">Vision<\/div>\n\t\t\t<div class=\"container text\" style=\"height: 386px;\">\n\t\t\t\t<p>\u00catre un leader du march\u00e9 de solutions simples pour le monde r\u00e9el.<\/p>\n<p>\u00catre reconnu mondialement.<\/p>\n<p>To have pride in what our technology delivers.<\/p>\n<p>To continue to develop smart solutions with passion and commitment.<\/p>\n\t\t\t<\/div>\n\t\t  <\/div>\n\n      \t<div class=\"box\">\n        <div class=\"container heading\">Valeurs<\/div>\n\t\t\t<div class=\"container text\" style=\"height: 386px;\">\n\t\t\t\t<p>\u00catre innovant, solidaire et durable dans le meilleur int\u00e9r\u00eat de notre entreprise, de notre \u00e9quipe et de nos clients.<\/p>\n\t\t\t<\/div>\n      <\/div>\n    <\/div>\n  <\/div>\n<\/div>","protected":false},"excerpt":{"rendered":"","protected":false},"author":1,"featured_media":0,"parent":0,"menu_order":0,"comment_status":"closed","ping_status":"closed","template":"company.php","meta":{"_acf_changed":false,"footnotes":""},"class_list":["post-169","page","type-page","status-publish","hentry"],"acf":[],"yoast_head":"<!-- This site is optimized with the Yoast SEO plugin v27.4 - https:\/\/yoast.com\/product\/yoast-seo-wordpress\/ -->\n<title>Mission, Vision &amp; Values | PDS<\/title>\n<meta name=\"description\" content=\"Learn about PDS&#039;s mission of focus for their company as well as their vision and values for PDS.\" \/>\n<meta name=\"robots\" content=\"index, follow, max-snippet:-1, max-image-preview:large, max-video-preview:-1\" \/>\n<link rel=\"canonical\" href=\"https:\/\/www.pdsglobal.com\/fr\/mission-vision-values\/\" \/>\n<meta property=\"og:locale\" content=\"fr_FR\" \/>\n<meta property=\"og:type\" content=\"article\" \/>\n<meta property=\"og:title\" content=\"Mission, Vision &amp; Values | PDS\" \/>\n<meta property=\"og:description\" content=\"Learn about PDS&#039;s mission of focus for their company as well as their vision and values for PDS.\" \/>\n<meta property=\"og:url\" content=\"https:\/\/www.pdsglobal.com\/fr\/mission-vision-values\/\" \/>\n<meta property=\"og:site_name\" content=\"PDS\" \/>\n<meta property=\"article:modified_time\" content=\"2025-06-23T06:03:46+00:00\" \/>\n<meta name=\"twitter:card\" content=\"summary_large_image\" \/>\n<meta name=\"twitter:site\" content=\"@PDS_Software\" \/>\n<script type=\"application\/ld+json\" class=\"yoast-schema-graph\">{\"@context\":\"https:\\\/\\\/schema.org\",\"@graph\":[{\"@type\":\"WebPage\",\"@id\":\"https:\\\/\\\/www.pdsglobal.com\\\/mission-vision-values\\\/\",\"url\":\"https:\\\/\\\/www.pdsglobal.com\\\/mission-vision-values\\\/\",\"name\":\"Mission, Vision & Values | PDS\",\"isPartOf\":{\"@id\":\"https:\\\/\\\/www.pdsglobal.com\\\/#website\"},\"datePublished\":\"2020-09-24T07:05:54+00:00\",\"dateModified\":\"2025-06-23T06:03:46+00:00\",\"description\":\"Learn about PDS's mission of focus for their company as well as their vision and values for PDS.\",\"breadcrumb\":{\"@id\":\"https:\\\/\\\/www.pdsglobal.com\\\/mission-vision-values\\\/#breadcrumb\"},\"inLanguage\":\"fr-FR\",\"potentialAction\":[{\"@type\":\"ReadAction\",\"target\":[\"https:\\\/\\\/www.pdsglobal.com\\\/mission-vision-values\\\/\"]}]},{\"@type\":\"BreadcrumbList\",\"@id\":\"https:\\\/\\\/www.pdsglobal.com\\\/mission-vision-values\\\/#breadcrumb\",\"itemListElement\":[{\"@type\":\"ListItem\",\"position\":1,\"name\":\"Home\",\"item\":\"https:\\\/\\\/www.pdsglobal.com\\\/\"},{\"@type\":\"ListItem\",\"position\":2,\"name\":\"Mission, Vision &#038; Values\"}]},{\"@type\":\"WebSite\",\"@id\":\"https:\\\/\\\/www.pdsglobal.com\\\/#website\",\"url\":\"https:\\\/\\\/www.pdsglobal.com\\\/\",\"name\":\"PDS Global\",\"description\":\"Real World Technology\",\"publisher\":{\"@id\":\"https:\\\/\\\/www.pdsglobal.com\\\/#organization\"},\"potentialAction\":[{\"@type\":\"SearchAction\",\"target\":{\"@type\":\"EntryPoint\",\"urlTemplate\":\"https:\\\/\\\/www.pdsglobal.com\\\/?s={search_term_string}\"},\"query-input\":{\"@type\":\"PropertyValueSpecification\",\"valueRequired\":true,\"valueName\":\"search_term_string\"}}],\"inLanguage\":\"fr-FR\"},{\"@type\":\"Organization\",\"@id\":\"https:\\\/\\\/www.pdsglobal.com\\\/#organization\",\"name\":\"PDS Global\",\"url\":\"https:\\\/\\\/www.pdsglobal.com\\\/\",\"logo\":{\"@type\":\"ImageObject\",\"inLanguage\":\"fr-FR\",\"@id\":\"https:\\\/\\\/www.pdsglobal.com\\\/#\\\/schema\\\/logo\\\/image\\\/\",\"url\":\"https:\\\/\\\/www.pdsglobal.com\\\/wp-content\\\/uploads\\\/2025\\\/11\\\/PDS_Primary.png\",\"contentUrl\":\"https:\\\/\\\/www.pdsglobal.com\\\/wp-content\\\/uploads\\\/2025\\\/11\\\/PDS_Primary.png\",\"width\":729,\"height\":195,\"caption\":\"PDS Global\"},\"image\":{\"@id\":\"https:\\\/\\\/www.pdsglobal.com\\\/#\\\/schema\\\/logo\\\/image\\\/\"},\"sameAs\":[\"https:\\\/\\\/x.com\\\/PDS_Software\",\"https:\\\/\\\/www.linkedin.com\\\/company\\\/productivity-development-solutions-pty-ltd\\\/\"]}]}<\/script>\n<!-- \/ Yoast SEO plugin. -->","yoast_head_json":{"title":"Mission, Vision & Values | PDS","description":"Learn about PDS's mission of focus for their company as well as their vision and values for PDS.","robots":{"index":"index","follow":"follow","max-snippet":"max-snippet:-1","max-image-preview":"max-image-preview:large","max-video-preview":"max-video-preview:-1"},"canonical":"https:\/\/www.pdsglobal.com\/fr\/mission-vision-values\/","og_locale":"fr_FR","og_type":"article","og_title":"Mission, Vision & Values | PDS","og_description":"Learn about PDS's mission of focus for their company as well as their vision and values for PDS.","og_url":"https:\/\/www.pdsglobal.com\/fr\/mission-vision-values\/","og_site_name":"PDS","article_modified_time":"2025-06-23T06:03:46+00:00","twitter_card":"summary_large_image","twitter_site":"@PDS_Software","schema":{"@context":"https:\/\/schema.org","@graph":[{"@type":"WebPage","@id":"https:\/\/www.pdsglobal.com\/mission-vision-values\/","url":"https:\/\/www.pdsglobal.com\/mission-vision-values\/","name":"Mission, Vision & Values | PDS","isPartOf":{"@id":"https:\/\/www.pdsglobal.com\/#website"},"datePublished":"2020-09-24T07:05:54+00:00","dateModified":"2025-06-23T06:03:46+00:00","description":"Learn about PDS's mission of focus for their company as well as their vision and values for PDS.","breadcrumb":{"@id":"https:\/\/www.pdsglobal.com\/mission-vision-values\/#breadcrumb"},"inLanguage":"fr-FR","potentialAction":[{"@type":"ReadAction","target":["https:\/\/www.pdsglobal.com\/mission-vision-values\/"]}]},{"@type":"BreadcrumbList","@id":"https:\/\/www.pdsglobal.com\/mission-vision-values\/#breadcrumb","itemListElement":[{"@type":"ListItem","position":1,"name":"Home","item":"https:\/\/www.pdsglobal.com\/"},{"@type":"ListItem","position":2,"name":"Mission, Vision &#038; Values"}]},{"@type":"WebSite","@id":"https:\/\/www.pdsglobal.com\/#website","url":"https:\/\/www.pdsglobal.com\/","name":"PDS Global","description":"Real World Technology","publisher":{"@id":"https:\/\/www.pdsglobal.com\/#organization"},"potentialAction":[{"@type":"SearchAction","target":{"@type":"EntryPoint","urlTemplate":"https:\/\/www.pdsglobal.com\/?s={search_term_string}"},"query-input":{"@type":"PropertyValueSpecification","valueRequired":true,"valueName":"search_term_string"}}],"inLanguage":"fr-FR"},{"@type":"Organization","@id":"https:\/\/www.pdsglobal.com\/#organization","name":"PDS Global","url":"https:\/\/www.pdsglobal.com\/","logo":{"@type":"ImageObject","inLanguage":"fr-FR","@id":"https:\/\/www.pdsglobal.com\/#\/schema\/logo\/image\/","url":"https:\/\/www.pdsglobal.com\/wp-content\/uploads\/2025\/11\/PDS_Primary.png","contentUrl":"https:\/\/www.pdsglobal.com\/wp-content\/uploads\/2025\/11\/PDS_Primary.png","width":729,"height":195,"caption":"PDS Global"},"image":{"@id":"https:\/\/www.pdsglobal.com\/#\/schema\/logo\/image\/"},"sameAs":["https:\/\/x.com\/PDS_Software","https:\/\/www.linkedin.com\/company\/productivity-development-solutions-pty-ltd\/"]}]}},"_links":{"self":[{"href":"https:\/\/www.pdsglobal.com\/fr\/wp-json\/wp\/v2\/pages\/169","targetHints":{"allow":["GET"]}}],"collection":[{"href":"https:\/\/www.pdsglobal.com\/fr\/wp-json\/wp\/v2\/pages"}],"about":[{"href":"https:\/\/www.pdsglobal.com\/fr\/wp-json\/wp\/v2\/types\/page"}],"author":[{"embeddable":true,"href":"https:\/\/www.pdsglobal.com\/fr\/wp-json\/wp\/v2\/users\/1"}],"replies":[{"embeddable":true,"href":"https:\/\/www.pdsglobal.com\/fr\/wp-json\/wp\/v2\/comments?post=169"}],"version-history":[{"count":6,"href":"https:\/\/www.pdsglobal.com\/fr\/wp-json\/wp\/v2\/pages\/169\/revisions"}],"predecessor-version":[{"id":1220,"href":"https:\/\/www.pdsglobal.com\/fr\/wp-json\/wp\/v2\/pages\/169\/revisions\/1220"}],"wp:attachment":[{"href":"https:\/\/www.pdsglobal.com\/fr\/wp-json\/wp\/v2\/media?parent=169"}],"curies":[{"name":"wp","href":"https:\/\/api.w.org\/{rel}","templated":true}]}}