{"id":73,"date":"2020-09-23T04:57:58","date_gmt":"2020-09-23T04:57:58","guid":{"rendered":"https:\/\/www.pdsglobal.com\/?page_id=73"},"modified":"2023-08-28T21:27:11","modified_gmt":"2023-08-28T11:27:11","slug":"client-implementation","status":"publish","type":"page","link":"https:\/\/www.pdsglobal.com\/es\/client-implementation\/","title":{"rendered":"Implementaci\u00f3n del cliente"},"content":{"rendered":"<div class=\"container banner services\" id=\"services\" style=\"background-image:url('https:\/\/www.pdsglobal.com\/wp-content\/uploads\/2020\/09\/client-implementation-image-59fa6629ada34.jpg');\">\n  <div class=\"wrapper\">\n    <table class=\"vertcentre\"><tbody><tr><td>\n      <h2>Implementaci\u00f3n del cliente<\/h2>\n\n\t\t<h3><\/h3>\n\n\t\t<p>Descubra c\u00f3mo le podemos personalizar el software de gesti\u00f3n de activos PDS. <\/p>\n    <\/td><\/tr><\/tbody><\/table>\n      <\/div>\n<\/div>\n\n\n\n<div class=\"container top padding100\">\n    <div class=\"wrapper\">\n      <div class=\"container heading\">\n\t   <h1 style=\"font-size: 45px; color: #071d49;\">El m\u00e9todo PDS<\/h1>\n      <\/div>\n      <div class=\"container steps\">\n        <div class=\"text grid-item\">\n          \t<h3>Nuestro enfoque<\/h3>\n\n\t\t\t<p>Para asegurarnos de que saque el m\u00e1ximo partido de nuestro software, seguimos un proceso de cinco pasos que llamamos PDS Way.<\/p>\n        <\/div>\n        <div class=\"step grid-item\">\n          <table class=\"vertcentre\"><tbody><tr><td>\n            <div class=\"container img\"><img decoding=\"async\" src=\"https:\/\/www.pdsglobal.com\/wp-content\/themes\/pds-global\/images\/stage1.svg\" alt=\"\"><\/div>\n            <div class=\"container txt\">\n              <h4>Paso 1<\/h4>\n\n\t\t\t\t<h3>Definir<\/h3>\n\n\t\t\t\t<p>Trabajamos estrechamente con usted para definir y comprender los problemas a los que se enfrenta.<\/p>\n            <\/div>\n          <\/td><\/tr><\/tbody><\/table>\n          <img decoding=\"async\" src=\"https:\/\/www.pdsglobal.com\/wp-content\/themes\/pds-global\/images\/arrow-right.png\" alt=\"\" class=\"arrow\">\n        <\/div>\n        <div class=\"step grid-item\" style=\"margin-top: -130px;\">\n          <table class=\"vertcentre\"><tbody><tr><td>\n            <div class=\"container img\"><img decoding=\"async\" src=\"https:\/\/www.pdsglobal.com\/wp-content\/themes\/pds-global\/images\/stage2.svg\" alt=\"\"><\/div>\n            <div class=\"container txt\">\n              <h4>Paso 2<\/h4>\n\n\t\t\t\t<h3>Desarrollar<\/h3>\n\n\t\t\t\t<p>Desarrollamos una soluci\u00f3n a medida para solucionar esos problemas.<\/p>\n            <\/div>\n          <\/td><\/tr><\/tbody><\/table>\n          <img decoding=\"async\" src=\"https:\/\/www.pdsglobal.com\/wp-content\/themes\/pds-global\/images\/arrow-left.svg\" alt=\"\" class=\"arrow\">\n        <\/div>\n        <div class=\"step grid-item\">\n          <table class=\"vertcentre\"><tbody><tr><td>\n            <div class=\"container img\"><img decoding=\"async\" src=\"https:\/\/www.pdsglobal.com\/wp-content\/themes\/pds-global\/images\/stage3.svg\" alt=\"\"><\/div>\n            <div class=\"container txt\">\n              <h4>Paso 3<\/h4>\n\n\t\t\t  <h3>Implementar<\/h3>\n\n\t\t\t  <p>Implementamos la soluci\u00f3n<\/p>\n            <\/div>\n          <\/td><\/tr><\/tbody><\/table>\n          <img decoding=\"async\" src=\"https:\/\/www.pdsglobal.com\/wp-content\/themes\/pds-global\/images\/arrow-right.png\" alt=\"\" class=\"arrow\">\n        <\/div>\n        <div class=\"step grid-item\" style=\"margin-top: -125px;\">\n          <table class=\"vertcentre\"><tbody><tr><td>\n            <div class=\"container img\"><img decoding=\"async\" src=\"https:\/\/www.pdsglobal.com\/wp-content\/themes\/pds-global\/images\/stage4.svg\" alt=\"\"><\/div>\n            <div class=\"container txt\">\n              <h4>Paso 4<\/h4>\n\n\t\t\t  <h3>Formaci\u00f3n<\/h3>\n\n\t\t\t  <p>Le ofrecemos formaci\u00f3n individual de c\u00f3mo usarlo correctamente.<\/p>\n            <\/div>\n          <\/td><\/tr><\/tbody><\/table>\n          <img decoding=\"async\" src=\"https:\/\/www.pdsglobal.com\/wp-content\/themes\/pds-global\/images\/arrow-left.svg\" alt=\"\" class=\"arrow\">\n        <\/div>\n        <div class=\"step grid-item\">\n          <table class=\"vertcentre\"><tbody><tr><td>\n            <div class=\"container img\"><img decoding=\"async\" src=\"https:\/\/www.pdsglobal.com\/wp-content\/themes\/pds-global\/images\/stage5.svg\" alt=\"\"><\/div>\n            <div class=\"container txt\">\n              <h4>Paso 5<\/h4>\n\n\t\t\t  <h3>Soporte continuo<\/h3>\n\n\t\t\t  <p>Proporcionamos asistencia personal y soporte online continuo para asegurarnos de que cualquier problema se resuelve de una forma r\u00e1pida.<\/p>\n   \t\t\t<\/div>\n          <\/td><\/tr><\/tbody><\/table>\n        <\/div>\n      <\/div>\n    <\/div>\n  <\/div>\n\n<div class=\"container bottom padding100\">\n    <div class=\"wrapper\">\n      <h3>Nuestro modelo de servicio<\/h3>\n      <div class=\"container options\" style=\"margin-left: 0px;\">\n        <div class=\"option\" style=\"height: 1036px;\">\n          <div class=\"container heading\">\n            <table class=\"vertcentre\"><tbody><tr><td>Subscripci\u00f3n de software<\/td><\/tr><\/tbody><\/table>\n          <\/div>\n          <div class=\"container features\">\n\n\t\t  \t\t\t\t\t<p><strong>El precio incluye<\/strong><\/p>\n\n\t\t\t\t\t\t\t\t\t\t<p>Cuentas de usuario ilimitadas<\/p>\n\n\t\t\t\t\t\t\t\t\t\t<p>Informes<\/p>\n\n\t\t\t\t\t\t\t\t\t\t<p>Exportar a Excel<\/p>\n\n\t\t\t\t\t\t\t\t\t\t<p><strong>Productos PDS<\/strong><\/p>\n\n\t\t\t\t\t\t\t\t\t\t<p>Web + mobile versions based on purchased licenses<\/p>\n\n\t\t\t\t\t\t\t\t\t\t<p><strong>Soporte t\u00e9cnico<\/strong><\/p>\n\n\t\t\t\t\t\t\t\t\t\t<p>Asistencia telef\u00f3nica de 8:30 a 17:00 AEST<\/p>\n\n\t\t\t\t\t\t\t\t\t\t<p>Base de conocimiento online<\/p>\n\n\t\t\t\t\t\t\t\t\t\t<p>V\u00eddeos de formaci\u00f3n online<\/p>\n\n\t\t\t\t\t\t\t\t\t\t<p>Actualizaciones de producto<\/p>\n\n\t\t\t\t\t\t\t\t\t\t<p>Correci\u00f3n de errores<\/p>\n\n\t\t\t\t\t\t\t\t            <a href=\"\/es\/contact-us\/\" class=\"btn\">Cont\u00e1ctenos<\/a>\n          <\/div>\n        <\/div>\n        <div class=\"option\" style=\"height: 1036px;\">\n          <div class=\"container heading\">\n            <table class=\"vertcentre\"><tbody><tr><td>Programa de implementaci\u00f3n<\/td><\/tr><\/tbody><\/table>\n          <\/div>\n          <div class=\"container features\">\n\n\t\t  \t\t\t\t\t<p><strong>El precio por servicio \u00fanico incluye<\/strong><\/p>\n\n\t\t\t\t\t\t\t\t\t\t<p>Configuraci\u00f3n de jerarqu\u00eda<\/p>\n\n\t\t\t\t\t\t\t\t\t\t<p>Configuraci\u00f3n de atributos para productos PDS<\/p>\n\n\t\t\t\t\t\t\t\t\t\t<p>Documentaci\u00f3n workflow<\/p>\n\n\t\t\t\t\t\t\t\t\t\t<p><strong>Opciones<\/strong><\/p>\n\n\t\t\t\t\t\t\t\t\t\t<p>Entrada de datos hist\u00f3ricos<\/p>\n\n\t\t\t\t\t\t\t\t\t\t<p>Formaci\u00f3n in situ\/remota<\/p>\n\n\t\t\t\t\t\t\t\t\t\t<p>Creaci\u00f3n y descarga de listas de tareas de inspecci\u00f3n secuenciadas<\/p>\n\n\t\t\t\t\t\t\t\t\t\t<p>Creaci\u00f3n de mapas visuales del recubrimiento o el tamizado.<\/p>\n\n\t\t\t\t\t\t\t\t\n            <a href=\"\/es\/contact-us\/\" class=\"btn\">Cont\u00e1ctenos<\/a>\n          <\/div>\n        <\/div>\n        <div class=\"option\" style=\"height: 1036px;\">\n          <div class=\"container heading\">\n            <table class=\"vertcentre\"><tbody><tr><td>Asistencia t\u00e9cnica continua<\/td><\/tr><\/tbody><\/table>\n          <\/div>\n          <div class=\"container features\">\n              \t\t\t\t\t<p><strong>Servicios disponibles con coste adicional<\/strong><\/p>\n\n\t\t\t\t\t\t\t\t\t\t<p>Formaci\u00f3n continua<\/p>\n\n\t\t\t\t\t\t\t\t\t\t<p>An\u00e1lisis de datos, verificaci\u00f3n de datos, limpieza de datos<\/p>\n\n\t\t\t\t\t\t\t\t\t\t<p>Participaci\u00f3n en reuniones de planificaci\u00f3n<\/p>\n\n\t\t\t\t\t\t\t\t\t\t<p>Implementaci\u00f3n de integraciones<\/p>\n\n\t\t\t\t\t\t\t\t\t\t<p>Desarrollo de informes personalizados<\/p>\n\n\t\t\t\t\t\t\t\t\t\t<p>Revisi\u00f3n y actualizaci\u00f3n de listas de tareas de inspecci\u00f3n secuenciadas<\/p>\n\n\t\t\t\t\t\t\t\t\t\t<p>Revisiones de estrategias de mantenimiento<\/p>\n\n\t\t\t\t\t\t\t\t\t\t<p>Servicios de inspecci\u00f3n in situ<\/p>\n\n\t\t\t\t\t\t\t\t            <a href=\"\/es\/contact-us\/\" class=\"btn\">Cont\u00e1ctenos<\/a>\n          <\/div>\n        <\/div>\n      <\/div>\n    <\/div>\n  <\/div>","protected":false},"excerpt":{"rendered":"","protected":false},"author":1,"featured_media":0,"parent":0,"menu_order":0,"comment_status":"closed","ping_status":"closed","template":"services.php","meta":{"_acf_changed":false,"footnotes":""},"class_list":["post-73","page","type-page","status-publish","hentry"],"acf":[],"yoast_head":"<!-- This site is optimized with the Yoast SEO plugin v27.4 - https:\/\/yoast.com\/product\/yoast-seo-wordpress\/ -->\n<title>Client Implementation | PDS<\/title>\n<meta name=\"description\" content=\"Find out more about our client implementation strategy and how we make sure our clients get the maximum benefits from our software.\" \/>\n<meta name=\"robots\" content=\"index, follow, max-snippet:-1, max-image-preview:large, max-video-preview:-1\" \/>\n<link rel=\"canonical\" href=\"https:\/\/www.pdsglobal.com\/es\/client-implementation\/\" \/>\n<meta property=\"og:locale\" content=\"es_ES\" \/>\n<meta property=\"og:type\" content=\"article\" \/>\n<meta property=\"og:title\" content=\"Client Implementation | PDS\" \/>\n<meta property=\"og:description\" content=\"Find out more about our client implementation strategy and how we make sure our clients get the maximum benefits from our software.\" \/>\n<meta property=\"og:url\" content=\"https:\/\/www.pdsglobal.com\/es\/client-implementation\/\" \/>\n<meta property=\"og:site_name\" content=\"PDS\" \/>\n<meta property=\"article:modified_time\" content=\"2023-08-28T11:27:11+00:00\" \/>\n<meta name=\"twitter:card\" content=\"summary_large_image\" \/>\n<meta name=\"twitter:site\" content=\"@PDS_Software\" \/>\n<script type=\"application\/ld+json\" class=\"yoast-schema-graph\">{\"@context\":\"https:\\\/\\\/schema.org\",\"@graph\":[{\"@type\":\"WebPage\",\"@id\":\"https:\\\/\\\/www.pdsglobal.com\\\/client-implementation\\\/\",\"url\":\"https:\\\/\\\/www.pdsglobal.com\\\/client-implementation\\\/\",\"name\":\"Client Implementation | PDS\",\"isPartOf\":{\"@id\":\"https:\\\/\\\/www.pdsglobal.com\\\/#website\"},\"datePublished\":\"2020-09-23T04:57:58+00:00\",\"dateModified\":\"2023-08-28T11:27:11+00:00\",\"description\":\"Find out more about our client implementation strategy and how we make sure our clients get the maximum benefits from our software.\",\"breadcrumb\":{\"@id\":\"https:\\\/\\\/www.pdsglobal.com\\\/client-implementation\\\/#breadcrumb\"},\"inLanguage\":\"es\",\"potentialAction\":[{\"@type\":\"ReadAction\",\"target\":[\"https:\\\/\\\/www.pdsglobal.com\\\/client-implementation\\\/\"]}]},{\"@type\":\"BreadcrumbList\",\"@id\":\"https:\\\/\\\/www.pdsglobal.com\\\/client-implementation\\\/#breadcrumb\",\"itemListElement\":[{\"@type\":\"ListItem\",\"position\":1,\"name\":\"Home\",\"item\":\"https:\\\/\\\/www.pdsglobal.com\\\/\"},{\"@type\":\"ListItem\",\"position\":2,\"name\":\"Client Implementation\"}]},{\"@type\":\"WebSite\",\"@id\":\"https:\\\/\\\/www.pdsglobal.com\\\/#website\",\"url\":\"https:\\\/\\\/www.pdsglobal.com\\\/\",\"name\":\"PDS Global\",\"description\":\"Real World Technology\",\"publisher\":{\"@id\":\"https:\\\/\\\/www.pdsglobal.com\\\/#organization\"},\"potentialAction\":[{\"@type\":\"SearchAction\",\"target\":{\"@type\":\"EntryPoint\",\"urlTemplate\":\"https:\\\/\\\/www.pdsglobal.com\\\/?s={search_term_string}\"},\"query-input\":{\"@type\":\"PropertyValueSpecification\",\"valueRequired\":true,\"valueName\":\"search_term_string\"}}],\"inLanguage\":\"es\"},{\"@type\":\"Organization\",\"@id\":\"https:\\\/\\\/www.pdsglobal.com\\\/#organization\",\"name\":\"PDS Global\",\"url\":\"https:\\\/\\\/www.pdsglobal.com\\\/\",\"logo\":{\"@type\":\"ImageObject\",\"inLanguage\":\"es\",\"@id\":\"https:\\\/\\\/www.pdsglobal.com\\\/#\\\/schema\\\/logo\\\/image\\\/\",\"url\":\"https:\\\/\\\/www.pdsglobal.com\\\/wp-content\\\/uploads\\\/2025\\\/11\\\/PDS_Primary.png\",\"contentUrl\":\"https:\\\/\\\/www.pdsglobal.com\\\/wp-content\\\/uploads\\\/2025\\\/11\\\/PDS_Primary.png\",\"width\":729,\"height\":195,\"caption\":\"PDS Global\"},\"image\":{\"@id\":\"https:\\\/\\\/www.pdsglobal.com\\\/#\\\/schema\\\/logo\\\/image\\\/\"},\"sameAs\":[\"https:\\\/\\\/x.com\\\/PDS_Software\",\"https:\\\/\\\/www.linkedin.com\\\/company\\\/productivity-development-solutions-pty-ltd\\\/\"]}]}<\/script>\n<!-- \/ Yoast SEO plugin. -->","yoast_head_json":{"title":"Client Implementation | PDS","description":"Find out more about our client implementation strategy and how we make sure our clients get the maximum benefits from our software.","robots":{"index":"index","follow":"follow","max-snippet":"max-snippet:-1","max-image-preview":"max-image-preview:large","max-video-preview":"max-video-preview:-1"},"canonical":"https:\/\/www.pdsglobal.com\/es\/client-implementation\/","og_locale":"es_ES","og_type":"article","og_title":"Client Implementation | PDS","og_description":"Find out more about our client implementation strategy and how we make sure our clients get the maximum benefits from our software.","og_url":"https:\/\/www.pdsglobal.com\/es\/client-implementation\/","og_site_name":"PDS","article_modified_time":"2023-08-28T11:27:11+00:00","twitter_card":"summary_large_image","twitter_site":"@PDS_Software","schema":{"@context":"https:\/\/schema.org","@graph":[{"@type":"WebPage","@id":"https:\/\/www.pdsglobal.com\/client-implementation\/","url":"https:\/\/www.pdsglobal.com\/client-implementation\/","name":"Client Implementation | PDS","isPartOf":{"@id":"https:\/\/www.pdsglobal.com\/#website"},"datePublished":"2020-09-23T04:57:58+00:00","dateModified":"2023-08-28T11:27:11+00:00","description":"Find out more about our client implementation strategy and how we make sure our clients get the maximum benefits from our software.","breadcrumb":{"@id":"https:\/\/www.pdsglobal.com\/client-implementation\/#breadcrumb"},"inLanguage":"es","potentialAction":[{"@type":"ReadAction","target":["https:\/\/www.pdsglobal.com\/client-implementation\/"]}]},{"@type":"BreadcrumbList","@id":"https:\/\/www.pdsglobal.com\/client-implementation\/#breadcrumb","itemListElement":[{"@type":"ListItem","position":1,"name":"Home","item":"https:\/\/www.pdsglobal.com\/"},{"@type":"ListItem","position":2,"name":"Client Implementation"}]},{"@type":"WebSite","@id":"https:\/\/www.pdsglobal.com\/#website","url":"https:\/\/www.pdsglobal.com\/","name":"PDS Global","description":"Real World Technology","publisher":{"@id":"https:\/\/www.pdsglobal.com\/#organization"},"potentialAction":[{"@type":"SearchAction","target":{"@type":"EntryPoint","urlTemplate":"https:\/\/www.pdsglobal.com\/?s={search_term_string}"},"query-input":{"@type":"PropertyValueSpecification","valueRequired":true,"valueName":"search_term_string"}}],"inLanguage":"es"},{"@type":"Organization","@id":"https:\/\/www.pdsglobal.com\/#organization","name":"PDS Global","url":"https:\/\/www.pdsglobal.com\/","logo":{"@type":"ImageObject","inLanguage":"es","@id":"https:\/\/www.pdsglobal.com\/#\/schema\/logo\/image\/","url":"https:\/\/www.pdsglobal.com\/wp-content\/uploads\/2025\/11\/PDS_Primary.png","contentUrl":"https:\/\/www.pdsglobal.com\/wp-content\/uploads\/2025\/11\/PDS_Primary.png","width":729,"height":195,"caption":"PDS Global"},"image":{"@id":"https:\/\/www.pdsglobal.com\/#\/schema\/logo\/image\/"},"sameAs":["https:\/\/x.com\/PDS_Software","https:\/\/www.linkedin.com\/company\/productivity-development-solutions-pty-ltd\/"]}]}},"_links":{"self":[{"href":"https:\/\/www.pdsglobal.com\/es\/wp-json\/wp\/v2\/pages\/73","targetHints":{"allow":["GET"]}}],"collection":[{"href":"https:\/\/www.pdsglobal.com\/es\/wp-json\/wp\/v2\/pages"}],"about":[{"href":"https:\/\/www.pdsglobal.com\/es\/wp-json\/wp\/v2\/types\/page"}],"author":[{"embeddable":true,"href":"https:\/\/www.pdsglobal.com\/es\/wp-json\/wp\/v2\/users\/1"}],"replies":[{"embeddable":true,"href":"https:\/\/www.pdsglobal.com\/es\/wp-json\/wp\/v2\/comments?post=73"}],"version-history":[{"count":19,"href":"https:\/\/www.pdsglobal.com\/es\/wp-json\/wp\/v2\/pages\/73\/revisions"}],"predecessor-version":[{"id":1094,"href":"https:\/\/www.pdsglobal.com\/es\/wp-json\/wp\/v2\/pages\/73\/revisions\/1094"}],"wp:attachment":[{"href":"https:\/\/www.pdsglobal.com\/es\/wp-json\/wp\/v2\/media?parent=73"}],"curies":[{"name":"wp","href":"https:\/\/api.w.org\/{rel}","templated":true}]}}