{"id":566,"date":"2020-10-28T02:43:02","date_gmt":"2020-10-28T02:43:02","guid":{"rendered":"https:\/\/www.pdsglobal.com\/?page_id=566"},"modified":"2023-08-28T22:18:56","modified_gmt":"2023-08-28T12:18:56","slug":"product-boxes","status":"publish","type":"page","link":"https:\/\/www.pdsglobal.com\/de\/product-boxes\/","title":{"rendered":"Product Boxes"},"content":{"rendered":"<div class=\"container fourboxes padding100\" id=\"products\">\n  <div class=\"wrapper\">\n      \n       \n    <div class=\"container boxes\" style=\"margin-left: 0px;\">\n            <a href=\"\/de\/wear\/\" class=\"box wear\">\n        <table class=\"vertcentre\" style=\"height: 318px;\"><tbody><tr><td>\n          <div class=\"container logo img\"><img decoding=\"async\" src=\"https:\/\/www.pdsglobal.com\/wp-content\/themes\/pds-global\/uploads\/images\/wear-image-5a02433805ee2.png\" alt=\"\"><\/div>\n          <div class=\"container img\"><img decoding=\"async\" src=\"https:\/\/www.pdsglobal.com\/wp-content\/themes\/pds-global\/uploads\/images\/wear-image-59fa4ce8815ff.svg\" alt=\"\"><\/div>\n          <div class=\"container text\">\n            <p>Collects &amp; collates wear data to predict when components need to be replaced.<\/p>\n          <\/div>\n        <\/td><\/tr><\/tbody><\/table>\n        <div class=\"container btn\">Entdecken Wear<\/div>\n        <div class=\"shadow\"><\/div>\n      <\/a>\n              <a href=\"\/de\/idler\/\" class=\"box idler\">\n        <table class=\"vertcentre\" style=\"height: 318px;\"><tbody><tr><td>\n          <div class=\"container logo img\"><img decoding=\"async\" src=\"https:\/\/www.pdsglobal.com\/wp-content\/themes\/pds-global\/uploads\/images\/idler-image-5a02434c48c9f.png\" alt=\"\"><\/div>\n          <div class=\"container img\"><img decoding=\"async\" src=\"https:\/\/www.pdsglobal.com\/wp-content\/themes\/pds-global\/uploads\/images\/idler-image-59fa4f3510525.svg\" alt=\"\"><\/div>\n          <div class=\"container text\">\n            <p>Verhindert kostspielige, ungeplante Ausfallzeiten des F\u00f6rderbetriebs.<\/p>\n          <\/div>\n        <\/td><\/tr><\/tbody><\/table>\n        <div class=\"container btn\">Entdecken Idler<\/div>\n        <div class=\"shadow\"><\/div>\n      <\/a>\n              <a href=\"\/de\/inspect\/\" class=\"box inspect\">\n        <table class=\"vertcentre\" style=\"height: 318px;\"><tbody><tr><td>\n          <div class=\"container logo img\"><img decoding=\"async\" src=\"https:\/\/www.pdsglobal.com\/wp-content\/themes\/pds-global\/uploads\/images\/inspect-image-5a02436f3115f.png\" alt=\"\"><\/div>\n          <div class=\"container img\"><img decoding=\"async\" src=\"https:\/\/www.pdsglobal.com\/wp-content\/themes\/pds-global\/uploads\/images\/inspect-image-59fa4fc8afab7.svg\" alt=\"\"><\/div>\n          <div class=\"container text\">\n            <p>Hilft Ihnen, Ihre Routinewartungsaufgabe zu definieren, digital zu erfassen und abzuschlie\u00dfen.<\/p>\n          <\/div>\n        <\/td><\/tr><\/tbody><\/table>\n        <div class=\"container btn\">Entdecken Inspect<\/div>\n        <div class=\"shadow\"><\/div>\n      <\/a>\n    <a href=\"\/de\/complex\/\" class=\"box complex\">\n        <table class=\"vertcentre\" style=\"height: 318px;\"><tbody><tr><td>\n          <div class=\"container logo img\"><img decoding=\"async\" src=\"https:\/\/www.pdsglobal.com\/wp-content\/themes\/pds-global\/uploads\/images\/complex-image-5a02437cc1d04.png\" alt=\"\"><\/div>\n          <div class=\"container img\"><img decoding=\"async\" src=\"https:\/\/www.pdsglobal.com\/wp-content\/themes\/pds-global\/uploads\/images\/complex-image-59fa50a9a62e1.svg\" alt=\"\"><\/div>\n          <div class=\"container text\">\n            <p>Verfolgt und prognostiziert den Verschlei\u00df in Anlagen mit mehreren Verschlei\u00dffl\u00e4chen.<\/p>\n          <\/div>\n        <\/td><\/tr><\/tbody><\/table>\n        <div class=\"container btn\">Entdecken Complex<\/div>\n        <div class=\"shadow\"><\/div>\n      <\/a>\n                  <\/div>\n                  \n           \n    <img decoding=\"async\" src=\"https:\/\/www.pdsglobal.com\/wp-content\/themes\/pds-global\/images\/prev.png\" alt=\"\" class=\"nav prev\" onclick=\"prevFourbox(true);\">\n    <img decoding=\"async\" src=\"https:\/\/www.pdsglobal.com\/wp-content\/themes\/pds-global\/images\/next.png\" alt=\"\" class=\"nav next\" onclick=\"nextFourbox(true);\">\n  <\/div>\n<\/div>","protected":false},"excerpt":{"rendered":"","protected":false},"author":1,"featured_media":0,"parent":0,"menu_order":0,"comment_status":"closed","ping_status":"closed","template":"","meta":{"_acf_changed":false,"footnotes":""},"class_list":["post-566","page","type-page","status-publish","hentry"],"acf":[],"yoast_head":"<!-- This site is optimized with the Yoast SEO plugin v27.4 - https:\/\/yoast.com\/product\/yoast-seo-wordpress\/ -->\n<title>Product Boxes | PDS<\/title>\n<meta name=\"description\" content=\"Come check out our wide range of products software&#039;s and services that we offer.\" \/>\n<meta name=\"robots\" content=\"index, follow, max-snippet:-1, max-image-preview:large, max-video-preview:-1\" \/>\n<link rel=\"canonical\" href=\"https:\/\/www.pdsglobal.com\/de\/product-boxes\/\" \/>\n<meta property=\"og:locale\" content=\"de_DE\" \/>\n<meta property=\"og:type\" content=\"article\" \/>\n<meta property=\"og:title\" content=\"Product Boxes | PDS\" \/>\n<meta property=\"og:description\" content=\"Come check out our wide range of products software&#039;s and services that we offer.\" \/>\n<meta property=\"og:url\" content=\"https:\/\/www.pdsglobal.com\/de\/product-boxes\/\" \/>\n<meta property=\"og:site_name\" content=\"PDS\" \/>\n<meta property=\"article:modified_time\" content=\"2023-08-28T12:18:56+00:00\" \/>\n<meta name=\"twitter:card\" content=\"summary_large_image\" \/>\n<meta name=\"twitter:site\" content=\"@PDS_Software\" \/>\n<script type=\"application\/ld+json\" class=\"yoast-schema-graph\">{\"@context\":\"https:\\\/\\\/schema.org\",\"@graph\":[{\"@type\":\"WebPage\",\"@id\":\"https:\\\/\\\/www.pdsglobal.com\\\/product-boxes\\\/\",\"url\":\"https:\\\/\\\/www.pdsglobal.com\\\/product-boxes\\\/\",\"name\":\"Product Boxes | PDS\",\"isPartOf\":{\"@id\":\"https:\\\/\\\/www.pdsglobal.com\\\/#website\"},\"datePublished\":\"2020-10-28T02:43:02+00:00\",\"dateModified\":\"2023-08-28T12:18:56+00:00\",\"description\":\"Come check out our wide range of products software's and services that we offer.\",\"breadcrumb\":{\"@id\":\"https:\\\/\\\/www.pdsglobal.com\\\/product-boxes\\\/#breadcrumb\"},\"inLanguage\":\"de\",\"potentialAction\":[{\"@type\":\"ReadAction\",\"target\":[\"https:\\\/\\\/www.pdsglobal.com\\\/product-boxes\\\/\"]}]},{\"@type\":\"BreadcrumbList\",\"@id\":\"https:\\\/\\\/www.pdsglobal.com\\\/product-boxes\\\/#breadcrumb\",\"itemListElement\":[{\"@type\":\"ListItem\",\"position\":1,\"name\":\"Home\",\"item\":\"https:\\\/\\\/www.pdsglobal.com\\\/\"},{\"@type\":\"ListItem\",\"position\":2,\"name\":\"Product Boxes\"}]},{\"@type\":\"WebSite\",\"@id\":\"https:\\\/\\\/www.pdsglobal.com\\\/#website\",\"url\":\"https:\\\/\\\/www.pdsglobal.com\\\/\",\"name\":\"PDS Global\",\"description\":\"Real World Technology\",\"publisher\":{\"@id\":\"https:\\\/\\\/www.pdsglobal.com\\\/#organization\"},\"potentialAction\":[{\"@type\":\"SearchAction\",\"target\":{\"@type\":\"EntryPoint\",\"urlTemplate\":\"https:\\\/\\\/www.pdsglobal.com\\\/?s={search_term_string}\"},\"query-input\":{\"@type\":\"PropertyValueSpecification\",\"valueRequired\":true,\"valueName\":\"search_term_string\"}}],\"inLanguage\":\"de\"},{\"@type\":\"Organization\",\"@id\":\"https:\\\/\\\/www.pdsglobal.com\\\/#organization\",\"name\":\"PDS Global\",\"url\":\"https:\\\/\\\/www.pdsglobal.com\\\/\",\"logo\":{\"@type\":\"ImageObject\",\"inLanguage\":\"de\",\"@id\":\"https:\\\/\\\/www.pdsglobal.com\\\/#\\\/schema\\\/logo\\\/image\\\/\",\"url\":\"https:\\\/\\\/www.pdsglobal.com\\\/wp-content\\\/uploads\\\/2025\\\/11\\\/PDS_Primary.png\",\"contentUrl\":\"https:\\\/\\\/www.pdsglobal.com\\\/wp-content\\\/uploads\\\/2025\\\/11\\\/PDS_Primary.png\",\"width\":729,\"height\":195,\"caption\":\"PDS Global\"},\"image\":{\"@id\":\"https:\\\/\\\/www.pdsglobal.com\\\/#\\\/schema\\\/logo\\\/image\\\/\"},\"sameAs\":[\"https:\\\/\\\/x.com\\\/PDS_Software\",\"https:\\\/\\\/www.linkedin.com\\\/company\\\/productivity-development-solutions-pty-ltd\\\/\"]}]}<\/script>\n<!-- \/ Yoast SEO plugin. -->","yoast_head_json":{"title":"Product Boxes | PDS","description":"Come check out our wide range of products software's and services that we offer.","robots":{"index":"index","follow":"follow","max-snippet":"max-snippet:-1","max-image-preview":"max-image-preview:large","max-video-preview":"max-video-preview:-1"},"canonical":"https:\/\/www.pdsglobal.com\/de\/product-boxes\/","og_locale":"de_DE","og_type":"article","og_title":"Product Boxes | PDS","og_description":"Come check out our wide range of products software's and services that we offer.","og_url":"https:\/\/www.pdsglobal.com\/de\/product-boxes\/","og_site_name":"PDS","article_modified_time":"2023-08-28T12:18:56+00:00","twitter_card":"summary_large_image","twitter_site":"@PDS_Software","schema":{"@context":"https:\/\/schema.org","@graph":[{"@type":"WebPage","@id":"https:\/\/www.pdsglobal.com\/product-boxes\/","url":"https:\/\/www.pdsglobal.com\/product-boxes\/","name":"Product Boxes | PDS","isPartOf":{"@id":"https:\/\/www.pdsglobal.com\/#website"},"datePublished":"2020-10-28T02:43:02+00:00","dateModified":"2023-08-28T12:18:56+00:00","description":"Come check out our wide range of products software's and services that we offer.","breadcrumb":{"@id":"https:\/\/www.pdsglobal.com\/product-boxes\/#breadcrumb"},"inLanguage":"de","potentialAction":[{"@type":"ReadAction","target":["https:\/\/www.pdsglobal.com\/product-boxes\/"]}]},{"@type":"BreadcrumbList","@id":"https:\/\/www.pdsglobal.com\/product-boxes\/#breadcrumb","itemListElement":[{"@type":"ListItem","position":1,"name":"Home","item":"https:\/\/www.pdsglobal.com\/"},{"@type":"ListItem","position":2,"name":"Product Boxes"}]},{"@type":"WebSite","@id":"https:\/\/www.pdsglobal.com\/#website","url":"https:\/\/www.pdsglobal.com\/","name":"PDS Global","description":"Real World Technology","publisher":{"@id":"https:\/\/www.pdsglobal.com\/#organization"},"potentialAction":[{"@type":"SearchAction","target":{"@type":"EntryPoint","urlTemplate":"https:\/\/www.pdsglobal.com\/?s={search_term_string}"},"query-input":{"@type":"PropertyValueSpecification","valueRequired":true,"valueName":"search_term_string"}}],"inLanguage":"de"},{"@type":"Organization","@id":"https:\/\/www.pdsglobal.com\/#organization","name":"PDS Global","url":"https:\/\/www.pdsglobal.com\/","logo":{"@type":"ImageObject","inLanguage":"de","@id":"https:\/\/www.pdsglobal.com\/#\/schema\/logo\/image\/","url":"https:\/\/www.pdsglobal.com\/wp-content\/uploads\/2025\/11\/PDS_Primary.png","contentUrl":"https:\/\/www.pdsglobal.com\/wp-content\/uploads\/2025\/11\/PDS_Primary.png","width":729,"height":195,"caption":"PDS Global"},"image":{"@id":"https:\/\/www.pdsglobal.com\/#\/schema\/logo\/image\/"},"sameAs":["https:\/\/x.com\/PDS_Software","https:\/\/www.linkedin.com\/company\/productivity-development-solutions-pty-ltd\/"]}]}},"_links":{"self":[{"href":"https:\/\/www.pdsglobal.com\/de\/wp-json\/wp\/v2\/pages\/566","targetHints":{"allow":["GET"]}}],"collection":[{"href":"https:\/\/www.pdsglobal.com\/de\/wp-json\/wp\/v2\/pages"}],"about":[{"href":"https:\/\/www.pdsglobal.com\/de\/wp-json\/wp\/v2\/types\/page"}],"author":[{"embeddable":true,"href":"https:\/\/www.pdsglobal.com\/de\/wp-json\/wp\/v2\/users\/1"}],"replies":[{"embeddable":true,"href":"https:\/\/www.pdsglobal.com\/de\/wp-json\/wp\/v2\/comments?post=566"}],"version-history":[{"count":6,"href":"https:\/\/www.pdsglobal.com\/de\/wp-json\/wp\/v2\/pages\/566\/revisions"}],"predecessor-version":[{"id":1573,"href":"https:\/\/www.pdsglobal.com\/de\/wp-json\/wp\/v2\/pages\/566\/revisions\/1573"}],"wp:attachment":[{"href":"https:\/\/www.pdsglobal.com\/de\/wp-json\/wp\/v2\/media?parent=566"}],"curies":[{"name":"wp","href":"https:\/\/api.w.org\/{rel}","templated":true}]}}