{"id":232,"date":"2020-09-25T01:26:40","date_gmt":"2020-09-25T01:26:40","guid":{"rendered":"https:\/\/www.pdsglobal.com\/?page_id=232"},"modified":"2025-03-13T08:01:27","modified_gmt":"2025-03-12T22:01:27","slug":"legal-clients","status":"publish","type":"page","link":"https:\/\/www.pdsglobal.com\/de\/legal-clients\/","title":{"rendered":"Clients | Legal"},"content":{"rendered":"<div class=\"container legal text padding100\">\n  <div class=\"wrapper\">\n    <h3>Kunden<\/h3>\n\n\t\t\t\t\t\t<a href=\"\/saas_agreement\/\" target=\"_blank\"><p>Lizenzvertrag f\u00fcr Software als Dienstleistung (nur f\u00fcr Australien)<\/p><\/a>\n\n\t\t\t\t\t\t\t\t<a href=\"\/saas_agreement_international\/\" target=\"_blank\"><p>Lizenzvertrag f\u00fcr Software als Dienstleistung (f\u00fcr alle anderen L\u00e4nder)<\/p><\/a>\n\n\t\t\t\t\t\t\t\t<a href=\"\/maint_support_agreement\/\" target=\"_blank\"><p>Instandhaltungs- + Support-Dienstleistungsvertrag<\/p><\/a>\n\n\t\t\t\t\t\t\t\t<a href=\"\/infosheet_mss_saas\/\" target=\"_blank\"><p>Information Sheet (MSS + SaaS)<\/p><\/a>\n\n\t\t\t\t\t\t  <\/div>\n<\/div>","protected":false},"excerpt":{"rendered":"","protected":false},"author":1,"featured_media":0,"parent":0,"menu_order":0,"comment_status":"closed","ping_status":"closed","template":"company.php","meta":{"_acf_changed":false,"footnotes":""},"class_list":["post-232","page","type-page","status-publish","hentry"],"acf":[],"yoast_head":"<!-- This site is optimized with the Yoast SEO plugin v27.4 - https:\/\/yoast.com\/product\/yoast-seo-wordpress\/ -->\n<title>Clients | Legal | PDS<\/title>\n<meta name=\"description\" content=\"Find out our terms of conditions, policies, intellectual property, and compliance for PDS clients and suppliers\" \/>\n<meta name=\"robots\" content=\"index, follow, max-snippet:-1, max-image-preview:large, max-video-preview:-1\" \/>\n<link rel=\"canonical\" href=\"https:\/\/www.pdsglobal.com\/de\/legal-clients\/\" \/>\n<meta property=\"og:locale\" content=\"de_DE\" \/>\n<meta property=\"og:type\" content=\"article\" \/>\n<meta property=\"og:title\" content=\"Clients | Legal | PDS\" \/>\n<meta property=\"og:description\" content=\"Find out our terms of conditions, policies, intellectual property, and compliance for PDS clients and suppliers\" \/>\n<meta property=\"og:url\" content=\"https:\/\/www.pdsglobal.com\/de\/legal-clients\/\" \/>\n<meta property=\"og:site_name\" content=\"PDS\" \/>\n<meta property=\"article:modified_time\" content=\"2025-03-12T22:01:27+00:00\" \/>\n<meta name=\"twitter:card\" content=\"summary_large_image\" \/>\n<meta name=\"twitter:site\" content=\"@PDS_Software\" \/>\n<script type=\"application\/ld+json\" class=\"yoast-schema-graph\">{\"@context\":\"https:\\\/\\\/schema.org\",\"@graph\":[{\"@type\":\"WebPage\",\"@id\":\"https:\\\/\\\/www.pdsglobal.com\\\/legal-clients\\\/\",\"url\":\"https:\\\/\\\/www.pdsglobal.com\\\/legal-clients\\\/\",\"name\":\"Clients | Legal | PDS\",\"isPartOf\":{\"@id\":\"https:\\\/\\\/www.pdsglobal.com\\\/#website\"},\"datePublished\":\"2020-09-25T01:26:40+00:00\",\"dateModified\":\"2025-03-12T22:01:27+00:00\",\"description\":\"Find out our terms of conditions, policies, intellectual property, and compliance for PDS clients and suppliers\",\"breadcrumb\":{\"@id\":\"https:\\\/\\\/www.pdsglobal.com\\\/legal-clients\\\/#breadcrumb\"},\"inLanguage\":\"de\",\"potentialAction\":[{\"@type\":\"ReadAction\",\"target\":[\"https:\\\/\\\/www.pdsglobal.com\\\/legal-clients\\\/\"]}]},{\"@type\":\"BreadcrumbList\",\"@id\":\"https:\\\/\\\/www.pdsglobal.com\\\/legal-clients\\\/#breadcrumb\",\"itemListElement\":[{\"@type\":\"ListItem\",\"position\":1,\"name\":\"Home\",\"item\":\"https:\\\/\\\/www.pdsglobal.com\\\/\"},{\"@type\":\"ListItem\",\"position\":2,\"name\":\"Clients | Legal\"}]},{\"@type\":\"WebSite\",\"@id\":\"https:\\\/\\\/www.pdsglobal.com\\\/#website\",\"url\":\"https:\\\/\\\/www.pdsglobal.com\\\/\",\"name\":\"PDS Global\",\"description\":\"Real World Technology\",\"publisher\":{\"@id\":\"https:\\\/\\\/www.pdsglobal.com\\\/#organization\"},\"potentialAction\":[{\"@type\":\"SearchAction\",\"target\":{\"@type\":\"EntryPoint\",\"urlTemplate\":\"https:\\\/\\\/www.pdsglobal.com\\\/?s={search_term_string}\"},\"query-input\":{\"@type\":\"PropertyValueSpecification\",\"valueRequired\":true,\"valueName\":\"search_term_string\"}}],\"inLanguage\":\"de\"},{\"@type\":\"Organization\",\"@id\":\"https:\\\/\\\/www.pdsglobal.com\\\/#organization\",\"name\":\"PDS Global\",\"url\":\"https:\\\/\\\/www.pdsglobal.com\\\/\",\"logo\":{\"@type\":\"ImageObject\",\"inLanguage\":\"de\",\"@id\":\"https:\\\/\\\/www.pdsglobal.com\\\/#\\\/schema\\\/logo\\\/image\\\/\",\"url\":\"https:\\\/\\\/www.pdsglobal.com\\\/wp-content\\\/uploads\\\/2025\\\/11\\\/PDS_Primary.png\",\"contentUrl\":\"https:\\\/\\\/www.pdsglobal.com\\\/wp-content\\\/uploads\\\/2025\\\/11\\\/PDS_Primary.png\",\"width\":729,\"height\":195,\"caption\":\"PDS Global\"},\"image\":{\"@id\":\"https:\\\/\\\/www.pdsglobal.com\\\/#\\\/schema\\\/logo\\\/image\\\/\"},\"sameAs\":[\"https:\\\/\\\/x.com\\\/PDS_Software\",\"https:\\\/\\\/www.linkedin.com\\\/company\\\/productivity-development-solutions-pty-ltd\\\/\"]}]}<\/script>\n<!-- \/ Yoast SEO plugin. -->","yoast_head_json":{"title":"Clients | Legal | PDS","description":"Find out our terms of conditions, policies, intellectual property, and compliance for PDS clients and suppliers","robots":{"index":"index","follow":"follow","max-snippet":"max-snippet:-1","max-image-preview":"max-image-preview:large","max-video-preview":"max-video-preview:-1"},"canonical":"https:\/\/www.pdsglobal.com\/de\/legal-clients\/","og_locale":"de_DE","og_type":"article","og_title":"Clients | Legal | PDS","og_description":"Find out our terms of conditions, policies, intellectual property, and compliance for PDS clients and suppliers","og_url":"https:\/\/www.pdsglobal.com\/de\/legal-clients\/","og_site_name":"PDS","article_modified_time":"2025-03-12T22:01:27+00:00","twitter_card":"summary_large_image","twitter_site":"@PDS_Software","schema":{"@context":"https:\/\/schema.org","@graph":[{"@type":"WebPage","@id":"https:\/\/www.pdsglobal.com\/legal-clients\/","url":"https:\/\/www.pdsglobal.com\/legal-clients\/","name":"Clients | Legal | PDS","isPartOf":{"@id":"https:\/\/www.pdsglobal.com\/#website"},"datePublished":"2020-09-25T01:26:40+00:00","dateModified":"2025-03-12T22:01:27+00:00","description":"Find out our terms of conditions, policies, intellectual property, and compliance for PDS clients and suppliers","breadcrumb":{"@id":"https:\/\/www.pdsglobal.com\/legal-clients\/#breadcrumb"},"inLanguage":"de","potentialAction":[{"@type":"ReadAction","target":["https:\/\/www.pdsglobal.com\/legal-clients\/"]}]},{"@type":"BreadcrumbList","@id":"https:\/\/www.pdsglobal.com\/legal-clients\/#breadcrumb","itemListElement":[{"@type":"ListItem","position":1,"name":"Home","item":"https:\/\/www.pdsglobal.com\/"},{"@type":"ListItem","position":2,"name":"Clients | Legal"}]},{"@type":"WebSite","@id":"https:\/\/www.pdsglobal.com\/#website","url":"https:\/\/www.pdsglobal.com\/","name":"PDS Global","description":"Real World Technology","publisher":{"@id":"https:\/\/www.pdsglobal.com\/#organization"},"potentialAction":[{"@type":"SearchAction","target":{"@type":"EntryPoint","urlTemplate":"https:\/\/www.pdsglobal.com\/?s={search_term_string}"},"query-input":{"@type":"PropertyValueSpecification","valueRequired":true,"valueName":"search_term_string"}}],"inLanguage":"de"},{"@type":"Organization","@id":"https:\/\/www.pdsglobal.com\/#organization","name":"PDS Global","url":"https:\/\/www.pdsglobal.com\/","logo":{"@type":"ImageObject","inLanguage":"de","@id":"https:\/\/www.pdsglobal.com\/#\/schema\/logo\/image\/","url":"https:\/\/www.pdsglobal.com\/wp-content\/uploads\/2025\/11\/PDS_Primary.png","contentUrl":"https:\/\/www.pdsglobal.com\/wp-content\/uploads\/2025\/11\/PDS_Primary.png","width":729,"height":195,"caption":"PDS Global"},"image":{"@id":"https:\/\/www.pdsglobal.com\/#\/schema\/logo\/image\/"},"sameAs":["https:\/\/x.com\/PDS_Software","https:\/\/www.linkedin.com\/company\/productivity-development-solutions-pty-ltd\/"]}]}},"_links":{"self":[{"href":"https:\/\/www.pdsglobal.com\/de\/wp-json\/wp\/v2\/pages\/232","targetHints":{"allow":["GET"]}}],"collection":[{"href":"https:\/\/www.pdsglobal.com\/de\/wp-json\/wp\/v2\/pages"}],"about":[{"href":"https:\/\/www.pdsglobal.com\/de\/wp-json\/wp\/v2\/types\/page"}],"author":[{"embeddable":true,"href":"https:\/\/www.pdsglobal.com\/de\/wp-json\/wp\/v2\/users\/1"}],"replies":[{"embeddable":true,"href":"https:\/\/www.pdsglobal.com\/de\/wp-json\/wp\/v2\/comments?post=232"}],"version-history":[{"count":12,"href":"https:\/\/www.pdsglobal.com\/de\/wp-json\/wp\/v2\/pages\/232\/revisions"}],"predecessor-version":[{"id":1207,"href":"https:\/\/www.pdsglobal.com\/de\/wp-json\/wp\/v2\/pages\/232\/revisions\/1207"}],"wp:attachment":[{"href":"https:\/\/www.pdsglobal.com\/de\/wp-json\/wp\/v2\/media?parent=232"}],"curies":[{"name":"wp","href":"https:\/\/api.w.org\/{rel}","templated":true}]}}