{"id":132,"date":"2020-09-24T03:02:54","date_gmt":"2020-09-24T03:02:54","guid":{"rendered":"https:\/\/www.pdsglobal.com\/?page_id=132"},"modified":"2025-11-24T17:28:59","modified_gmt":"2025-11-24T07:28:59","slug":"our-story","status":"publish","type":"page","link":"https:\/\/www.pdsglobal.com\/de\/our-story\/","title":{"rendered":"Unsere Geschichte"},"content":{"rendered":"<div class=\"container banner services company padding100\" id=\"company\" style=\"background-image:url('https:\/\/www.pdsglobal.com\/wp-content\/uploads\/2020\/09\/our-story-image-59fa8ccd9bf57.jpg');\">\n  <div class=\"wrapper\">\n    <table class=\"vertcentre\"><tbody><tr><td>\n      <h3>Unsere Geschichte<\/h3>\n\n\t  <p><p>Als wir 2006 mit PDS begannen, war es unser Ziel, eine weltweit f\u00fchrende Technologie f\u00fcr Asset Management und Zustands\u00fcberwachung zu entwickeln.<\/p>\n<p>Working onsite since then, collaborating with major mining operations across Australia, we believe we\u2019ve done just that.<\/p>\n<p>Heute wird unsere Software von einigen der gr\u00f6\u00dften Namen im Bergbau an \u00fcber 60 Standorten in Australien und \u00dcbersee eingesetzt.<\/p>\n<p>PDS hat sich dort bew\u00e4hrt, wo es am wichtigsten ist... in der realen Welt.<\/p>\n<\/p>\n\n      <!--a href=\"\/our-team\/#team\" class=\"button\"><\/a-->\n    <\/td><\/tr><\/tbody><\/table>\n  <\/div>\n<\/div>\n\n\n<p><\/p>","protected":false},"excerpt":{"rendered":"","protected":false},"author":1,"featured_media":307,"parent":0,"menu_order":0,"comment_status":"closed","ping_status":"closed","template":"company.php","meta":{"_acf_changed":false,"footnotes":""},"class_list":["post-132","page","type-page","status-publish","has-post-thumbnail","hentry"],"acf":[],"yoast_head":"<!-- This site is optimized with the Yoast SEO plugin v27.4 - https:\/\/yoast.com\/product\/yoast-seo-wordpress\/ -->\n<title>Integrated Mining Services | Our Story | PDS<\/title>\n<meta name=\"description\" content=\"Achieving integrated mining services by offering world-leading asset management and condition monitoring technology is the core of our story.\" \/>\n<meta name=\"robots\" content=\"index, follow, max-snippet:-1, max-image-preview:large, max-video-preview:-1\" \/>\n<link rel=\"canonical\" href=\"https:\/\/www.pdsglobal.com\/de\/our-story\/\" \/>\n<meta property=\"og:locale\" content=\"de_DE\" \/>\n<meta property=\"og:type\" content=\"article\" \/>\n<meta property=\"og:title\" content=\"Integrated Mining Services | Our Story | PDS\" \/>\n<meta property=\"og:description\" content=\"Achieving integrated mining services by offering world-leading asset management and condition monitoring technology is the core of our story.\" \/>\n<meta property=\"og:url\" content=\"https:\/\/www.pdsglobal.com\/de\/our-story\/\" \/>\n<meta property=\"og:site_name\" content=\"PDS\" \/>\n<meta property=\"article:modified_time\" content=\"2025-11-24T07:28:59+00:00\" \/>\n<meta property=\"og:image\" content=\"https:\/\/www.pdsglobal.com\/wp-content\/uploads\/2020\/09\/blog-image-5a135e6d41caf-1.png\" \/>\n\t<meta property=\"og:image:width\" content=\"870\" \/>\n\t<meta property=\"og:image:height\" content=\"433\" \/>\n\t<meta property=\"og:image:type\" content=\"image\/png\" \/>\n<meta name=\"twitter:card\" content=\"summary_large_image\" \/>\n<meta name=\"twitter:site\" content=\"@PDS_Software\" \/>\n<meta name=\"twitter:label1\" content=\"Gesch\u00e4tzte Lesezeit\" \/>\n\t<meta name=\"twitter:data1\" content=\"1\u00a0Minute\" \/>\n<script type=\"application\/ld+json\" class=\"yoast-schema-graph\">{\"@context\":\"https:\\\/\\\/schema.org\",\"@graph\":[{\"@type\":\"WebPage\",\"@id\":\"https:\\\/\\\/www.pdsglobal.com\\\/our-story\\\/\",\"url\":\"https:\\\/\\\/www.pdsglobal.com\\\/our-story\\\/\",\"name\":\"Integrated Mining Services | Our Story | PDS\",\"isPartOf\":{\"@id\":\"https:\\\/\\\/www.pdsglobal.com\\\/#website\"},\"primaryImageOfPage\":{\"@id\":\"https:\\\/\\\/www.pdsglobal.com\\\/our-story\\\/#primaryimage\"},\"image\":{\"@id\":\"https:\\\/\\\/www.pdsglobal.com\\\/our-story\\\/#primaryimage\"},\"thumbnailUrl\":\"https:\\\/\\\/www.pdsglobal.com\\\/wp-content\\\/uploads\\\/2020\\\/09\\\/blog-image-5a135e6d41caf-1.png\",\"datePublished\":\"2020-09-24T03:02:54+00:00\",\"dateModified\":\"2025-11-24T07:28:59+00:00\",\"description\":\"Achieving integrated mining services by offering world-leading asset management and condition monitoring technology is the core of our story.\",\"breadcrumb\":{\"@id\":\"https:\\\/\\\/www.pdsglobal.com\\\/our-story\\\/#breadcrumb\"},\"inLanguage\":\"de\",\"potentialAction\":[{\"@type\":\"ReadAction\",\"target\":[\"https:\\\/\\\/www.pdsglobal.com\\\/our-story\\\/\"]}]},{\"@type\":\"ImageObject\",\"inLanguage\":\"de\",\"@id\":\"https:\\\/\\\/www.pdsglobal.com\\\/our-story\\\/#primaryimage\",\"url\":\"https:\\\/\\\/www.pdsglobal.com\\\/wp-content\\\/uploads\\\/2020\\\/09\\\/blog-image-5a135e6d41caf-1.png\",\"contentUrl\":\"https:\\\/\\\/www.pdsglobal.com\\\/wp-content\\\/uploads\\\/2020\\\/09\\\/blog-image-5a135e6d41caf-1.png\",\"width\":870,\"height\":433,\"caption\":\"integrated mining services on display\"},{\"@type\":\"BreadcrumbList\",\"@id\":\"https:\\\/\\\/www.pdsglobal.com\\\/our-story\\\/#breadcrumb\",\"itemListElement\":[{\"@type\":\"ListItem\",\"position\":1,\"name\":\"Home\",\"item\":\"https:\\\/\\\/www.pdsglobal.com\\\/\"},{\"@type\":\"ListItem\",\"position\":2,\"name\":\"Our Story\"}]},{\"@type\":\"WebSite\",\"@id\":\"https:\\\/\\\/www.pdsglobal.com\\\/#website\",\"url\":\"https:\\\/\\\/www.pdsglobal.com\\\/\",\"name\":\"PDS Global\",\"description\":\"Real World Technology\",\"publisher\":{\"@id\":\"https:\\\/\\\/www.pdsglobal.com\\\/#organization\"},\"potentialAction\":[{\"@type\":\"SearchAction\",\"target\":{\"@type\":\"EntryPoint\",\"urlTemplate\":\"https:\\\/\\\/www.pdsglobal.com\\\/?s={search_term_string}\"},\"query-input\":{\"@type\":\"PropertyValueSpecification\",\"valueRequired\":true,\"valueName\":\"search_term_string\"}}],\"inLanguage\":\"de\"},{\"@type\":\"Organization\",\"@id\":\"https:\\\/\\\/www.pdsglobal.com\\\/#organization\",\"name\":\"PDS Global\",\"url\":\"https:\\\/\\\/www.pdsglobal.com\\\/\",\"logo\":{\"@type\":\"ImageObject\",\"inLanguage\":\"de\",\"@id\":\"https:\\\/\\\/www.pdsglobal.com\\\/#\\\/schema\\\/logo\\\/image\\\/\",\"url\":\"https:\\\/\\\/www.pdsglobal.com\\\/wp-content\\\/uploads\\\/2025\\\/11\\\/PDS_Primary.png\",\"contentUrl\":\"https:\\\/\\\/www.pdsglobal.com\\\/wp-content\\\/uploads\\\/2025\\\/11\\\/PDS_Primary.png\",\"width\":729,\"height\":195,\"caption\":\"PDS Global\"},\"image\":{\"@id\":\"https:\\\/\\\/www.pdsglobal.com\\\/#\\\/schema\\\/logo\\\/image\\\/\"},\"sameAs\":[\"https:\\\/\\\/x.com\\\/PDS_Software\",\"https:\\\/\\\/www.linkedin.com\\\/company\\\/productivity-development-solutions-pty-ltd\\\/\"]}]}<\/script>\n<!-- \/ Yoast SEO plugin. -->","yoast_head_json":{"title":"Integrated Mining Services | Our Story | PDS","description":"Achieving integrated mining services by offering world-leading asset management and condition monitoring technology is the core of our story.","robots":{"index":"index","follow":"follow","max-snippet":"max-snippet:-1","max-image-preview":"max-image-preview:large","max-video-preview":"max-video-preview:-1"},"canonical":"https:\/\/www.pdsglobal.com\/de\/our-story\/","og_locale":"de_DE","og_type":"article","og_title":"Integrated Mining Services | Our Story | PDS","og_description":"Achieving integrated mining services by offering world-leading asset management and condition monitoring technology is the core of our story.","og_url":"https:\/\/www.pdsglobal.com\/de\/our-story\/","og_site_name":"PDS","article_modified_time":"2025-11-24T07:28:59+00:00","og_image":[{"width":870,"height":433,"url":"https:\/\/www.pdsglobal.com\/wp-content\/uploads\/2020\/09\/blog-image-5a135e6d41caf-1.png","type":"image\/png"}],"twitter_card":"summary_large_image","twitter_site":"@PDS_Software","twitter_misc":{"Gesch\u00e4tzte Lesezeit":"1\u00a0Minute"},"schema":{"@context":"https:\/\/schema.org","@graph":[{"@type":"WebPage","@id":"https:\/\/www.pdsglobal.com\/our-story\/","url":"https:\/\/www.pdsglobal.com\/our-story\/","name":"Integrated Mining Services | Our Story | PDS","isPartOf":{"@id":"https:\/\/www.pdsglobal.com\/#website"},"primaryImageOfPage":{"@id":"https:\/\/www.pdsglobal.com\/our-story\/#primaryimage"},"image":{"@id":"https:\/\/www.pdsglobal.com\/our-story\/#primaryimage"},"thumbnailUrl":"https:\/\/www.pdsglobal.com\/wp-content\/uploads\/2020\/09\/blog-image-5a135e6d41caf-1.png","datePublished":"2020-09-24T03:02:54+00:00","dateModified":"2025-11-24T07:28:59+00:00","description":"Achieving integrated mining services by offering world-leading asset management and condition monitoring technology is the core of our story.","breadcrumb":{"@id":"https:\/\/www.pdsglobal.com\/our-story\/#breadcrumb"},"inLanguage":"de","potentialAction":[{"@type":"ReadAction","target":["https:\/\/www.pdsglobal.com\/our-story\/"]}]},{"@type":"ImageObject","inLanguage":"de","@id":"https:\/\/www.pdsglobal.com\/our-story\/#primaryimage","url":"https:\/\/www.pdsglobal.com\/wp-content\/uploads\/2020\/09\/blog-image-5a135e6d41caf-1.png","contentUrl":"https:\/\/www.pdsglobal.com\/wp-content\/uploads\/2020\/09\/blog-image-5a135e6d41caf-1.png","width":870,"height":433,"caption":"integrated mining services on display"},{"@type":"BreadcrumbList","@id":"https:\/\/www.pdsglobal.com\/our-story\/#breadcrumb","itemListElement":[{"@type":"ListItem","position":1,"name":"Home","item":"https:\/\/www.pdsglobal.com\/"},{"@type":"ListItem","position":2,"name":"Our Story"}]},{"@type":"WebSite","@id":"https:\/\/www.pdsglobal.com\/#website","url":"https:\/\/www.pdsglobal.com\/","name":"PDS Global","description":"Real World Technology","publisher":{"@id":"https:\/\/www.pdsglobal.com\/#organization"},"potentialAction":[{"@type":"SearchAction","target":{"@type":"EntryPoint","urlTemplate":"https:\/\/www.pdsglobal.com\/?s={search_term_string}"},"query-input":{"@type":"PropertyValueSpecification","valueRequired":true,"valueName":"search_term_string"}}],"inLanguage":"de"},{"@type":"Organization","@id":"https:\/\/www.pdsglobal.com\/#organization","name":"PDS Global","url":"https:\/\/www.pdsglobal.com\/","logo":{"@type":"ImageObject","inLanguage":"de","@id":"https:\/\/www.pdsglobal.com\/#\/schema\/logo\/image\/","url":"https:\/\/www.pdsglobal.com\/wp-content\/uploads\/2025\/11\/PDS_Primary.png","contentUrl":"https:\/\/www.pdsglobal.com\/wp-content\/uploads\/2025\/11\/PDS_Primary.png","width":729,"height":195,"caption":"PDS Global"},"image":{"@id":"https:\/\/www.pdsglobal.com\/#\/schema\/logo\/image\/"},"sameAs":["https:\/\/x.com\/PDS_Software","https:\/\/www.linkedin.com\/company\/productivity-development-solutions-pty-ltd\/"]}]}},"_links":{"self":[{"href":"https:\/\/www.pdsglobal.com\/de\/wp-json\/wp\/v2\/pages\/132","targetHints":{"allow":["GET"]}}],"collection":[{"href":"https:\/\/www.pdsglobal.com\/de\/wp-json\/wp\/v2\/pages"}],"about":[{"href":"https:\/\/www.pdsglobal.com\/de\/wp-json\/wp\/v2\/types\/page"}],"author":[{"embeddable":true,"href":"https:\/\/www.pdsglobal.com\/de\/wp-json\/wp\/v2\/users\/1"}],"replies":[{"embeddable":true,"href":"https:\/\/www.pdsglobal.com\/de\/wp-json\/wp\/v2\/comments?post=132"}],"version-history":[{"count":25,"href":"https:\/\/www.pdsglobal.com\/de\/wp-json\/wp\/v2\/pages\/132\/revisions"}],"predecessor-version":[{"id":1285,"href":"https:\/\/www.pdsglobal.com\/de\/wp-json\/wp\/v2\/pages\/132\/revisions\/1285"}],"wp:featuredmedia":[{"embeddable":true,"href":"https:\/\/www.pdsglobal.com\/de\/wp-json\/wp\/v2\/media\/307"}],"wp:attachment":[{"href":"https:\/\/www.pdsglobal.com\/de\/wp-json\/wp\/v2\/media?parent=132"}],"curies":[{"name":"wp","href":"https:\/\/api.w.org\/{rel}","templated":true}]}}